{"id":947,"date":"2024-05-06T14:16:54","date_gmt":"2024-05-06T17:16:54","guid":{"rendered":"https:\/\/camisetasebrindesexpress.com.br\/?post_type=product&#038;p=947"},"modified":"2024-05-06T14:16:54","modified_gmt":"2024-05-06T17:16:54","slug":"93592-roth-caderno-capa-dura","status":"publish","type":"product","link":"https:\/\/camisetasebrindesexpress.com.br\/index.php\/produto\/93592-roth-caderno-capa-dura\/","title":{"rendered":"93592 ROTH. Caderno capa dura"},"content":{"rendered":"<div class=\"texto\">Caderno A5 com capa dura em PU e 80 folhas pautadas. Bloco com substrato colorido permitindo a grava\u00e7\u00e3o a laser da cor do el\u00e1stico. Cont\u00e9m el\u00e1stico, fita separadora, bolso em papel na parte traseira da capa e suporte para esferogr\u00e1fica (n\u00e3o inclusa). 140 x 210 mm<\/div>\n<div class=\"icons\">\n<div class=\"icon\"><img decoding=\"async\" src=\"https:\/\/www.spotgifts.com.br\/fotos\/pictogramas\/tamanho_a5_314390309610cfdc2077de.png\" alt=\"SPOT\" \/><\/div>\n<div class=\"icon\"><img decoding=\"async\" src=\"https:\/\/www.spotgifts.com.br\/fotos\/pictogramas\/folhas_pautadas_1161141004610cfe4c6d387.png\" alt=\"SPOT\" \/><\/div>\n<\/div>\n","protected":false},"excerpt":{"rendered":"<p>Caderno A5 com capa dura em PU e 80 folhas pautadas. Bloco com substrato colorido permitindo a grava\u00e7\u00e3o a laser da cor do el\u00e1stico. Cont\u00e9m el\u00e1stico, fita separadora, bolso em papel na parte traseira da capa e suporte para esferogr\u00e1fica (n\u00e3o inclusa). 140 x 210 mm<\/p>\n","protected":false},"featured_media":951,"comment_status":"open","ping_status":"closed","template":"","meta":{"_joinchat":[]},"product_cat":[19],"product_tag":[],"_links":{"self":[{"href":"https:\/\/camisetasebrindesexpress.com.br\/index.php\/wp-json\/wp\/v2\/product\/947"}],"collection":[{"href":"https:\/\/camisetasebrindesexpress.com.br\/index.php\/wp-json\/wp\/v2\/product"}],"about":[{"href":"https:\/\/camisetasebrindesexpress.com.br\/index.php\/wp-json\/wp\/v2\/types\/product"}],"replies":[{"embeddable":true,"href":"https:\/\/camisetasebrindesexpress.com.br\/index.php\/wp-json\/wp\/v2\/comments?post=947"}],"wp:featuredmedia":[{"embeddable":true,"href":"https:\/\/camisetasebrindesexpress.com.br\/index.php\/wp-json\/wp\/v2\/media\/951"}],"wp:attachment":[{"href":"https:\/\/camisetasebrindesexpress.com.br\/index.php\/wp-json\/wp\/v2\/media?parent=947"}],"wp:term":[{"taxonomy":"product_cat","embeddable":true,"href":"https:\/\/camisetasebrindesexpress.com.br\/index.php\/wp-json\/wp\/v2\/product_cat?post=947"},{"taxonomy":"product_tag","embeddable":true,"href":"https:\/\/camisetasebrindesexpress.com.br\/index.php\/wp-json\/wp\/v2\/product_tag?post=947"}],"curies":[{"name":"wp","href":"https:\/\/api.w.org\/{rel}","templated":true}]}}