{"id":942,"date":"2024-05-06T13:59:36","date_gmt":"2024-05-06T16:59:36","guid":{"rendered":"https:\/\/camisetasebrindesexpress.com.br\/?post_type=product&#038;p=942"},"modified":"2024-05-06T13:59:36","modified_gmt":"2024-05-06T16:59:36","slug":"93799-moriah-caderno-capa-dura","status":"publish","type":"product","link":"https:\/\/camisetasebrindesexpress.com.br\/index.php\/produto\/93799-moriah-caderno-capa-dura\/","title":{"rendered":"93799 MORIAH. Caderno capa dura"},"content":{"rendered":"<div class=\"texto\">Caderno A5 com capa dura em c. sint\u00e9tico e 96 folhas pautadas. Suporte para esferogr\u00e1fica (n\u00e3o inclusa). Fornecida em bolsa non-woven. 140 x 210\u00a0mm<\/div>\n<div class=\"icons\">\n<div class=\"icon\"><img decoding=\"async\" src=\"https:\/\/www.spotgifts.com.br\/fotos\/pictogramas\/tamanho_a5_314390309610cfdc2077de.png\" alt=\"SPOT\" \/><\/div>\n<div class=\"icon\"><img decoding=\"async\" src=\"https:\/\/www.spotgifts.com.br\/fotos\/pictogramas\/folhas_pautadas_1161141004610cfe4c6d387.png\" alt=\"SPOT\" \/><\/div>\n<\/div>\n","protected":false},"excerpt":{"rendered":"<p>Caderno A5 com capa dura em c. sint\u00e9tico e 96 folhas pautadas. Suporte para esferogr\u00e1fica (n\u00e3o inclusa). Fornecida em bolsa non-woven. 140 x 210\u00a0mm<\/p>\n","protected":false},"featured_media":946,"comment_status":"open","ping_status":"closed","template":"","meta":{"_joinchat":[]},"product_cat":[19],"product_tag":[],"_links":{"self":[{"href":"https:\/\/camisetasebrindesexpress.com.br\/index.php\/wp-json\/wp\/v2\/product\/942"}],"collection":[{"href":"https:\/\/camisetasebrindesexpress.com.br\/index.php\/wp-json\/wp\/v2\/product"}],"about":[{"href":"https:\/\/camisetasebrindesexpress.com.br\/index.php\/wp-json\/wp\/v2\/types\/product"}],"replies":[{"embeddable":true,"href":"https:\/\/camisetasebrindesexpress.com.br\/index.php\/wp-json\/wp\/v2\/comments?post=942"}],"wp:featuredmedia":[{"embeddable":true,"href":"https:\/\/camisetasebrindesexpress.com.br\/index.php\/wp-json\/wp\/v2\/media\/946"}],"wp:attachment":[{"href":"https:\/\/camisetasebrindesexpress.com.br\/index.php\/wp-json\/wp\/v2\/media?parent=942"}],"wp:term":[{"taxonomy":"product_cat","embeddable":true,"href":"https:\/\/camisetasebrindesexpress.com.br\/index.php\/wp-json\/wp\/v2\/product_cat?post=942"},{"taxonomy":"product_tag","embeddable":true,"href":"https:\/\/camisetasebrindesexpress.com.br\/index.php\/wp-json\/wp\/v2\/product_tag?post=942"}],"curies":[{"name":"wp","href":"https:\/\/api.w.org\/{rel}","templated":true}]}}