{"id":933,"date":"2024-05-06T13:56:42","date_gmt":"2024-05-06T16:56:42","guid":{"rendered":"https:\/\/camisetasebrindesexpress.com.br\/?post_type=product&#038;p=933"},"modified":"2024-05-06T13:56:42","modified_gmt":"2024-05-06T16:56:42","slug":"93714-moraes-kit-de-caderno-e-esferografica","status":"publish","type":"product","link":"https:\/\/camisetasebrindesexpress.com.br\/index.php\/produto\/93714-moraes-kit-de-caderno-e-esferografica\/","title":{"rendered":"93714 MORAES. Kit de caderno e esferogr\u00e1fica"},"content":{"rendered":"<div class=\"texto\">Conjunto esferogr\u00e1fica e caderno A5. A esferogr\u00e1fica \u00e9 em alum\u00ednio com clipe de ferro e \u00e9 de mecanismo twist com escrita a azul. O caderno A5 tem capa r\u00edgida, fita separadora, el\u00e1stico, bolso interior e 80 folhas pautadas de cor marfim. Conjunto fornecido em caixa de oferta. Esferogr\u00e1fica: \u00f810 x 138 mm | Caderno: 137 x 210 mm | Caixa: 190 x 240 x 30 mm<\/div>\n<div class=\"icons\">\n<div class=\"icon\"><img decoding=\"async\" src=\"https:\/\/www.spotgifts.com.br\/fotos\/pictogramas\/escrita_azul_1140046434610cfc6d6c097.png\" alt=\"SPOT\" \/><\/div>\n<div class=\"icon\"><img decoding=\"async\" src=\"https:\/\/www.spotgifts.com.br\/fotos\/pictogramas\/caixa_oferta_1264245494610cfcfc63cad.png\" alt=\"SPOT\" \/><\/div>\n<div class=\"icon\"><img decoding=\"async\" src=\"https:\/\/www.spotgifts.com.br\/fotos\/pictogramas\/tamanho_a5_314390309610cfdc2077de.png\" alt=\"SPOT\" \/><\/div>\n<div class=\"icon\"><img decoding=\"async\" src=\"https:\/\/www.spotgifts.com.br\/fotos\/pictogramas\/079_ivory_lined_pages_15850768796628d3bec2de0.png\" alt=\"SPOT\" \/><\/div>\n<div class=\"icon\"><img decoding=\"async\" src=\"https:\/\/www.spotgifts.com.br\/fotos\/pictogramas\/twist_mechanism_1378316746466230211585.png\" alt=\"SPOT\" \/><\/div>\n<\/div>\n","protected":false},"excerpt":{"rendered":"<p>Conjunto esferogr\u00e1fica e caderno A5. A esferogr\u00e1fica \u00e9 em alum\u00ednio com clipe de ferro e \u00e9 de mecanismo twist com escrita a azul. O caderno A5 tem capa r\u00edgida, fita separadora, el\u00e1stico, bolso interior e 80 folhas pautadas de cor marfim. Conjunto fornecido em caixa de oferta. Esferogr\u00e1fica: \u00f810 x 138 mm | Caderno: 137 [&hellip;]<\/p>\n","protected":false},"featured_media":938,"comment_status":"open","ping_status":"closed","template":"","meta":{"_joinchat":[]},"product_cat":[20,19],"product_tag":[],"_links":{"self":[{"href":"https:\/\/camisetasebrindesexpress.com.br\/index.php\/wp-json\/wp\/v2\/product\/933"}],"collection":[{"href":"https:\/\/camisetasebrindesexpress.com.br\/index.php\/wp-json\/wp\/v2\/product"}],"about":[{"href":"https:\/\/camisetasebrindesexpress.com.br\/index.php\/wp-json\/wp\/v2\/types\/product"}],"replies":[{"embeddable":true,"href":"https:\/\/camisetasebrindesexpress.com.br\/index.php\/wp-json\/wp\/v2\/comments?post=933"}],"wp:featuredmedia":[{"embeddable":true,"href":"https:\/\/camisetasebrindesexpress.com.br\/index.php\/wp-json\/wp\/v2\/media\/938"}],"wp:attachment":[{"href":"https:\/\/camisetasebrindesexpress.com.br\/index.php\/wp-json\/wp\/v2\/media?parent=933"}],"wp:term":[{"taxonomy":"product_cat","embeddable":true,"href":"https:\/\/camisetasebrindesexpress.com.br\/index.php\/wp-json\/wp\/v2\/product_cat?post=933"},{"taxonomy":"product_tag","embeddable":true,"href":"https:\/\/camisetasebrindesexpress.com.br\/index.php\/wp-json\/wp\/v2\/product_tag?post=933"}],"curies":[{"name":"wp","href":"https:\/\/api.w.org\/{rel}","templated":true}]}}