{"id":927,"date":"2024-05-06T13:54:56","date_gmt":"2024-05-06T16:54:56","guid":{"rendered":"https:\/\/camisetasebrindesexpress.com.br\/?post_type=product&#038;p=927"},"modified":"2024-05-06T13:54:56","modified_gmt":"2024-05-06T16:54:56","slug":"93499-gullar-kit-de-caderno-e-esferografica","status":"publish","type":"product","link":"https:\/\/camisetasebrindesexpress.com.br\/index.php\/produto\/93499-gullar-kit-de-caderno-e-esferografica\/","title":{"rendered":"93499 GULLAR. Kit de caderno e esferogr\u00e1fica"},"content":{"rendered":"<div class=\"texto\">Kit de caderno A5 e esferogr\u00e1fica em cart\u00e3o e alum\u00ednio. Caderno capa dura com 96 folhas lisas de cor marfim. Esferogr\u00e1fica de escrita a preto. Fornecidos em caixa almofadada. Caderno: 137 x 210 mm | Esferogr\u00e1fica: \u00f811 x 136 mm | Caixa: 190 x 240 x 30 mm<\/div>\n<div class=\"icons\">\n<div class=\"icon\"><img decoding=\"async\" src=\"https:\/\/www.spotgifts.com.br\/fotos\/pictogramas\/tamanho_a5_314390309610cfdc2077de.png\" alt=\"SPOT\" \/><\/div>\n<\/div>\n","protected":false},"excerpt":{"rendered":"<p>Kit de caderno A5 e esferogr\u00e1fica em cart\u00e3o e alum\u00ednio. Caderno capa dura com 96 folhas lisas de cor marfim. Esferogr\u00e1fica de escrita a preto. Fornecidos em caixa almofadada. Caderno: 137 x 210 mm | Esferogr\u00e1fica: \u00f811 x 136 mm | Caixa: 190 x 240 x 30 mm<\/p>\n","protected":false},"featured_media":932,"comment_status":"open","ping_status":"closed","template":"","meta":{"_joinchat":[]},"product_cat":[20,19],"product_tag":[],"_links":{"self":[{"href":"https:\/\/camisetasebrindesexpress.com.br\/index.php\/wp-json\/wp\/v2\/product\/927"}],"collection":[{"href":"https:\/\/camisetasebrindesexpress.com.br\/index.php\/wp-json\/wp\/v2\/product"}],"about":[{"href":"https:\/\/camisetasebrindesexpress.com.br\/index.php\/wp-json\/wp\/v2\/types\/product"}],"replies":[{"embeddable":true,"href":"https:\/\/camisetasebrindesexpress.com.br\/index.php\/wp-json\/wp\/v2\/comments?post=927"}],"wp:featuredmedia":[{"embeddable":true,"href":"https:\/\/camisetasebrindesexpress.com.br\/index.php\/wp-json\/wp\/v2\/media\/932"}],"wp:attachment":[{"href":"https:\/\/camisetasebrindesexpress.com.br\/index.php\/wp-json\/wp\/v2\/media?parent=927"}],"wp:term":[{"taxonomy":"product_cat","embeddable":true,"href":"https:\/\/camisetasebrindesexpress.com.br\/index.php\/wp-json\/wp\/v2\/product_cat?post=927"},{"taxonomy":"product_tag","embeddable":true,"href":"https:\/\/camisetasebrindesexpress.com.br\/index.php\/wp-json\/wp\/v2\/product_tag?post=927"}],"curies":[{"name":"wp","href":"https:\/\/api.w.org\/{rel}","templated":true}]}}