{"id":922,"date":"2024-05-06T13:52:32","date_gmt":"2024-05-06T16:52:32","guid":{"rendered":"https:\/\/camisetasebrindesexpress.com.br\/?post_type=product&#038;p=922"},"modified":"2024-05-06T13:52:32","modified_gmt":"2024-05-06T16:52:32","slug":"93725-carrey-caderno-capa-dura","status":"publish","type":"product","link":"https:\/\/camisetasebrindesexpress.com.br\/index.php\/produto\/93725-carrey-caderno-capa-dura\/","title":{"rendered":"93725 CARREY. Caderno capa dura"},"content":{"rendered":"<div class=\"texto\">Caderno A5 em canvas (poli\u00e9ster) com capa dura. Cont\u00e9m 96 folhas lisas em cor marfim, fita separadora, el\u00e1stico e suporte para esferogr\u00e1fica (n\u00e3o inclusa). Fornecido em bolsa de non-woven. 148 x 210 mm | Bolsa: 185 x 240 mm<\/div>\n<div class=\"icons\">\n<div class=\"icon\"><img decoding=\"async\" src=\"https:\/\/www.spotgifts.com.br\/fotos\/pictogramas\/tamanho_a5_314390309610cfdc2077de.png\" alt=\"SPOT\" \/><\/div>\n<div class=\"icon\"><img decoding=\"async\" src=\"https:\/\/www.spotgifts.com.br\/fotos\/pictogramas\/078_ivory_plain_pages_441080426628d3279b59e.png\" alt=\"SPOT\" \/><\/div>\n<\/div>\n","protected":false},"excerpt":{"rendered":"<p>Caderno A5 em canvas (poli\u00e9ster) com capa dura. Cont\u00e9m 96 folhas lisas em cor marfim, fita separadora, el\u00e1stico e suporte para esferogr\u00e1fica (n\u00e3o inclusa). Fornecido em bolsa de non-woven. 148 x 210 mm | Bolsa: 185 x 240 mm<\/p>\n","protected":false},"featured_media":926,"comment_status":"open","ping_status":"closed","template":"","meta":{"_joinchat":[]},"product_cat":[19],"product_tag":[],"_links":{"self":[{"href":"https:\/\/camisetasebrindesexpress.com.br\/index.php\/wp-json\/wp\/v2\/product\/922"}],"collection":[{"href":"https:\/\/camisetasebrindesexpress.com.br\/index.php\/wp-json\/wp\/v2\/product"}],"about":[{"href":"https:\/\/camisetasebrindesexpress.com.br\/index.php\/wp-json\/wp\/v2\/types\/product"}],"replies":[{"embeddable":true,"href":"https:\/\/camisetasebrindesexpress.com.br\/index.php\/wp-json\/wp\/v2\/comments?post=922"}],"wp:featuredmedia":[{"embeddable":true,"href":"https:\/\/camisetasebrindesexpress.com.br\/index.php\/wp-json\/wp\/v2\/media\/926"}],"wp:attachment":[{"href":"https:\/\/camisetasebrindesexpress.com.br\/index.php\/wp-json\/wp\/v2\/media?parent=922"}],"wp:term":[{"taxonomy":"product_cat","embeddable":true,"href":"https:\/\/camisetasebrindesexpress.com.br\/index.php\/wp-json\/wp\/v2\/product_cat?post=922"},{"taxonomy":"product_tag","embeddable":true,"href":"https:\/\/camisetasebrindesexpress.com.br\/index.php\/wp-json\/wp\/v2\/product_tag?post=922"}],"curies":[{"name":"wp","href":"https:\/\/api.w.org\/{rel}","templated":true}]}}