{"id":906,"date":"2024-05-06T13:43:29","date_gmt":"2024-05-06T16:43:29","guid":{"rendered":"https:\/\/camisetasebrindesexpress.com.br\/?post_type=product&#038;p=906"},"modified":"2024-05-06T13:43:29","modified_gmt":"2024-05-06T16:43:29","slug":"93577-mondrian-caderno-a5","status":"publish","type":"product","link":"https:\/\/camisetasebrindesexpress.com.br\/index.php\/produto\/93577-mondrian-caderno-a5\/","title":{"rendered":"93577 MONDRIAN. Caderno A5"},"content":{"rendered":"<div class=\"texto\">Caderno A5 em rPET com tratamento antibacteriano, segundo a certifica\u00e7\u00e3o ISO 20743. Cont\u00e9m 80 folhas pautadas cor marfim, em papel proveniente de gest\u00e3o florestal sustent\u00e1vel, el\u00e1stico e fita separadora. 140 x 210 mm<\/div>\n<div class=\"icons\">\n<div class=\"icon\"><img decoding=\"async\" src=\"https:\/\/www.spotgifts.com.br\/fotos\/pictogramas\/tamanho_a5_314390309610cfdc2077de.png\" alt=\"SPOT\" \/><\/div>\n<div class=\"icon\"><img decoding=\"async\" src=\"https:\/\/www.spotgifts.com.br\/fotos\/pictogramas\/079_ivory_lined_pages_15850768796628d3bec2de0.png\" alt=\"SPOT\" \/><\/div>\n<div class=\"icon\"><img decoding=\"async\" src=\"https:\/\/www.spotgifts.com.br\/fotos\/pictogramas\/rpet_6281350156466226ac3266.png\" alt=\"SPOT\" \/><\/div>\n<\/div>\n","protected":false},"excerpt":{"rendered":"<p>Caderno A5 em rPET com tratamento antibacteriano, segundo a certifica\u00e7\u00e3o ISO 20743. Cont\u00e9m 80 folhas pautadas cor marfim, em papel proveniente de gest\u00e3o florestal sustent\u00e1vel, el\u00e1stico e fita separadora. 140 x 210 mm<\/p>\n","protected":false},"featured_media":911,"comment_status":"open","ping_status":"closed","template":"","meta":{"_joinchat":[]},"product_cat":[19],"product_tag":[],"_links":{"self":[{"href":"https:\/\/camisetasebrindesexpress.com.br\/index.php\/wp-json\/wp\/v2\/product\/906"}],"collection":[{"href":"https:\/\/camisetasebrindesexpress.com.br\/index.php\/wp-json\/wp\/v2\/product"}],"about":[{"href":"https:\/\/camisetasebrindesexpress.com.br\/index.php\/wp-json\/wp\/v2\/types\/product"}],"replies":[{"embeddable":true,"href":"https:\/\/camisetasebrindesexpress.com.br\/index.php\/wp-json\/wp\/v2\/comments?post=906"}],"wp:featuredmedia":[{"embeddable":true,"href":"https:\/\/camisetasebrindesexpress.com.br\/index.php\/wp-json\/wp\/v2\/media\/911"}],"wp:attachment":[{"href":"https:\/\/camisetasebrindesexpress.com.br\/index.php\/wp-json\/wp\/v2\/media?parent=906"}],"wp:term":[{"taxonomy":"product_cat","embeddable":true,"href":"https:\/\/camisetasebrindesexpress.com.br\/index.php\/wp-json\/wp\/v2\/product_cat?post=906"},{"taxonomy":"product_tag","embeddable":true,"href":"https:\/\/camisetasebrindesexpress.com.br\/index.php\/wp-json\/wp\/v2\/product_tag?post=906"}],"curies":[{"name":"wp","href":"https:\/\/api.w.org\/{rel}","templated":true}]}}