{"id":845,"date":"2024-05-06T13:18:20","date_gmt":"2024-05-06T16:18:20","guid":{"rendered":"https:\/\/camisetasebrindesexpress.com.br\/?post_type=product&#038;p=845"},"modified":"2024-05-06T13:18:20","modified_gmt":"2024-05-06T16:18:20","slug":"93596-geometric-notebook-caderno-geometric","status":"publish","type":"product","link":"https:\/\/camisetasebrindesexpress.com.br\/index.php\/produto\/93596-geometric-notebook-caderno-geometric\/","title":{"rendered":"93596 GEOMETRIC NOTEBOOK. Caderno GEOMETRIC"},"content":{"rendered":"<div class=\"texto\">O GEOMETRIC \u00e9 um caderno A5 com capa dura em c. sint\u00e9tico e com 128 folhas pautadas. O design de sua capa foi inspirado em figuras geom\u00e9tricas baseadas em padr\u00f5es de ilus\u00e3o \u00f3tica. A banda el\u00e1stica, que permite fechar o caderno, o marcador de livros e o suporte de esferogr\u00e1fica (n\u00e3o inclusa) refor\u00e7am a utilidade deste caderno. Mais do que um caderno, \u00e9 um suporte para comunica\u00e7\u00e3o de emo\u00e7\u00f5es. Algo muito pessoal e \u00fanico. Fornecida em caixa presente. 140 x 210 mm | Caixa: 175 x 25 x 265 mm<\/div>\n<div class=\"icons\">\n<div class=\"icon\"><img decoding=\"async\" src=\"https:\/\/www.spotgifts.com.br\/fotos\/pictogramas\/caixa_oferta_1264245494610cfcfc63cad.png\" alt=\"SPOT\" \/><\/div>\n<div class=\"icon\"><img decoding=\"async\" src=\"https:\/\/www.spotgifts.com.br\/fotos\/pictogramas\/tamanho_a5_314390309610cfdc2077de.png\" alt=\"SPOT\" \/><\/div>\n<div class=\"icon\"><img decoding=\"async\" src=\"https:\/\/www.spotgifts.com.br\/fotos\/pictogramas\/folhas_pautadas_1161141004610cfe4c6d387.png\" alt=\"SPOT\" \/><\/div>\n<\/div>\n","protected":false},"excerpt":{"rendered":"<p>O GEOMETRIC \u00e9 um caderno A5 com capa dura em c. sint\u00e9tico e com 128 folhas pautadas. O design de sua capa foi inspirado em figuras geom\u00e9tricas baseadas em padr\u00f5es de ilus\u00e3o \u00f3tica. A banda el\u00e1stica, que permite fechar o caderno, o marcador de livros e o suporte de esferogr\u00e1fica (n\u00e3o inclusa) refor\u00e7am a utilidade [&hellip;]<\/p>\n","protected":false},"featured_media":850,"comment_status":"open","ping_status":"closed","template":"","meta":{"_joinchat":[]},"product_cat":[19],"product_tag":[],"_links":{"self":[{"href":"https:\/\/camisetasebrindesexpress.com.br\/index.php\/wp-json\/wp\/v2\/product\/845"}],"collection":[{"href":"https:\/\/camisetasebrindesexpress.com.br\/index.php\/wp-json\/wp\/v2\/product"}],"about":[{"href":"https:\/\/camisetasebrindesexpress.com.br\/index.php\/wp-json\/wp\/v2\/types\/product"}],"replies":[{"embeddable":true,"href":"https:\/\/camisetasebrindesexpress.com.br\/index.php\/wp-json\/wp\/v2\/comments?post=845"}],"wp:featuredmedia":[{"embeddable":true,"href":"https:\/\/camisetasebrindesexpress.com.br\/index.php\/wp-json\/wp\/v2\/media\/850"}],"wp:attachment":[{"href":"https:\/\/camisetasebrindesexpress.com.br\/index.php\/wp-json\/wp\/v2\/media?parent=845"}],"wp:term":[{"taxonomy":"product_cat","embeddable":true,"href":"https:\/\/camisetasebrindesexpress.com.br\/index.php\/wp-json\/wp\/v2\/product_cat?post=845"},{"taxonomy":"product_tag","embeddable":true,"href":"https:\/\/camisetasebrindesexpress.com.br\/index.php\/wp-json\/wp\/v2\/product_tag?post=845"}],"curies":[{"name":"wp","href":"https:\/\/api.w.org\/{rel}","templated":true}]}}