{"id":764,"date":"2024-04-29T20:06:39","date_gmt":"2024-04-29T23:06:39","guid":{"rendered":"https:\/\/camisetasebrindesexpress.com.br\/?post_type=product&#038;p=764"},"modified":"2024-04-29T20:06:39","modified_gmt":"2024-04-29T23:06:39","slug":"57154-steven-estacao-de-carregamento-usb-em-abs","status":"publish","type":"product","link":"https:\/\/camisetasebrindesexpress.com.br\/index.php\/produto\/57154-steven-estacao-de-carregamento-usb-em-abs\/","title":{"rendered":"57154 STEVEN. Esta\u00e7\u00e3o de carregamento USB em ABS"},"content":{"rendered":"<p>Esta\u00e7\u00e3o de carregamento USB em ABS com 5 sa\u00eddas 5V\/4A. Incluso cabo com 1,5 m. 65 x 110 x 80 mm<\/p>\n","protected":false},"excerpt":{"rendered":"<p>Esta\u00e7\u00e3o de carregamento USB em ABS com 5 sa\u00eddas 5V\/4A. Incluso cabo com 1,5 m. 65 x 110 x 80 mm<\/p>\n","protected":false},"featured_media":767,"comment_status":"open","ping_status":"closed","template":"","meta":{"_joinchat":[]},"product_cat":[17],"product_tag":[],"_links":{"self":[{"href":"https:\/\/camisetasebrindesexpress.com.br\/index.php\/wp-json\/wp\/v2\/product\/764"}],"collection":[{"href":"https:\/\/camisetasebrindesexpress.com.br\/index.php\/wp-json\/wp\/v2\/product"}],"about":[{"href":"https:\/\/camisetasebrindesexpress.com.br\/index.php\/wp-json\/wp\/v2\/types\/product"}],"replies":[{"embeddable":true,"href":"https:\/\/camisetasebrindesexpress.com.br\/index.php\/wp-json\/wp\/v2\/comments?post=764"}],"wp:featuredmedia":[{"embeddable":true,"href":"https:\/\/camisetasebrindesexpress.com.br\/index.php\/wp-json\/wp\/v2\/media\/767"}],"wp:attachment":[{"href":"https:\/\/camisetasebrindesexpress.com.br\/index.php\/wp-json\/wp\/v2\/media?parent=764"}],"wp:term":[{"taxonomy":"product_cat","embeddable":true,"href":"https:\/\/camisetasebrindesexpress.com.br\/index.php\/wp-json\/wp\/v2\/product_cat?post=764"},{"taxonomy":"product_tag","embeddable":true,"href":"https:\/\/camisetasebrindesexpress.com.br\/index.php\/wp-json\/wp\/v2\/product_tag?post=764"}],"curies":[{"name":"wp","href":"https:\/\/api.w.org\/{rel}","templated":true}]}}