{"id":760,"date":"2024-04-29T20:05:43","date_gmt":"2024-04-29T23:05:43","guid":{"rendered":"https:\/\/camisetasebrindesexpress.com.br\/?post_type=product&#038;p=760"},"modified":"2024-04-29T20:05:43","modified_gmt":"2024-04-29T23:05:43","slug":"97153-emmy-cabo-usb-com-conector-3-em-1-em-abs-e-pvc","status":"publish","type":"product","link":"https:\/\/camisetasebrindesexpress.com.br\/index.php\/produto\/97153-emmy-cabo-usb-com-conector-3-em-1-em-abs-e-pvc\/","title":{"rendered":"97153 EMMY. Cabo USB com conector 3 em 1 em ABS e PVC"},"content":{"rendered":"<p>Cabo USB 3 em 1 em ABS e PVC. Adequado para carregar dispositivos m\u00f3veis. Disp\u00f5e de um conector USB tipo C e um conector 2 em 1, compat\u00edvel com entradas micro USB e sistema operacional iOS. Fornecido em caixa de PP. Caixa: \u00f853 x 20 mm<\/p>\n","protected":false},"excerpt":{"rendered":"<p>Cabo USB 3 em 1 em ABS e PVC. Adequado para carregar dispositivos m\u00f3veis. Disp\u00f5e de um conector USB tipo C e um conector 2 em 1, compat\u00edvel com entradas micro USB e sistema operacional iOS. Fornecido em caixa de PP. Caixa: \u00f853 x 20 mm<\/p>\n","protected":false},"featured_media":763,"comment_status":"open","ping_status":"closed","template":"","meta":{"_joinchat":[]},"product_cat":[17],"product_tag":[],"_links":{"self":[{"href":"https:\/\/camisetasebrindesexpress.com.br\/index.php\/wp-json\/wp\/v2\/product\/760"}],"collection":[{"href":"https:\/\/camisetasebrindesexpress.com.br\/index.php\/wp-json\/wp\/v2\/product"}],"about":[{"href":"https:\/\/camisetasebrindesexpress.com.br\/index.php\/wp-json\/wp\/v2\/types\/product"}],"replies":[{"embeddable":true,"href":"https:\/\/camisetasebrindesexpress.com.br\/index.php\/wp-json\/wp\/v2\/comments?post=760"}],"wp:featuredmedia":[{"embeddable":true,"href":"https:\/\/camisetasebrindesexpress.com.br\/index.php\/wp-json\/wp\/v2\/media\/763"}],"wp:attachment":[{"href":"https:\/\/camisetasebrindesexpress.com.br\/index.php\/wp-json\/wp\/v2\/media?parent=760"}],"wp:term":[{"taxonomy":"product_cat","embeddable":true,"href":"https:\/\/camisetasebrindesexpress.com.br\/index.php\/wp-json\/wp\/v2\/product_cat?post=760"},{"taxonomy":"product_tag","embeddable":true,"href":"https:\/\/camisetasebrindesexpress.com.br\/index.php\/wp-json\/wp\/v2\/product_tag?post=760"}],"curies":[{"name":"wp","href":"https:\/\/api.w.org\/{rel}","templated":true}]}}