{"id":755,"date":"2024-04-29T20:04:42","date_gmt":"2024-04-29T23:04:42","guid":{"rendered":"https:\/\/camisetasebrindesexpress.com.br\/?post_type=product&#038;p=755"},"modified":"2024-04-29T20:04:42","modified_gmt":"2024-04-29T23:04:42","slug":"97076-hubble-bateria-portatil-em-abs-com-bateria-polimero-de-litio-4-000-mah","status":"publish","type":"product","link":"https:\/\/camisetasebrindesexpress.com.br\/index.php\/produto\/97076-hubble-bateria-portatil-em-abs-com-bateria-polimero-de-litio-4-000-mah\/","title":{"rendered":"97076 HUBBLE. Bateria port\u00e1til em ABS com bateria pol\u00edmero de l\u00edtio 4.000 mAh"},"content":{"rendered":"<p>Bateria port\u00e1til em ABS. Bateria pol\u00edmero de l\u00edtio com capacidade de 4.000 mAh, tempo de vida \u2265 500 ciclos, entrada 5V\/1A e sa\u00edda 5V\/1A. 1 porta USB. Incluso cabo USB \/ micro USB para carregar a bateria. Fornecido em caixa presente. 102 x 52 x 22 mm<\/p>\n","protected":false},"excerpt":{"rendered":"<p>Bateria port\u00e1til em ABS. Bateria pol\u00edmero de l\u00edtio com capacidade de 4.000 mAh, tempo de vida \u2265 500 ciclos, entrada 5V\/1A e sa\u00edda 5V\/1A. 1 porta USB. Incluso cabo USB \/ micro USB para carregar a bateria. Fornecido em caixa presente. 102 x 52 x 22 mm<\/p>\n","protected":false},"featured_media":759,"comment_status":"open","ping_status":"closed","template":"","meta":{"_joinchat":[]},"product_cat":[17],"product_tag":[],"_links":{"self":[{"href":"https:\/\/camisetasebrindesexpress.com.br\/index.php\/wp-json\/wp\/v2\/product\/755"}],"collection":[{"href":"https:\/\/camisetasebrindesexpress.com.br\/index.php\/wp-json\/wp\/v2\/product"}],"about":[{"href":"https:\/\/camisetasebrindesexpress.com.br\/index.php\/wp-json\/wp\/v2\/types\/product"}],"replies":[{"embeddable":true,"href":"https:\/\/camisetasebrindesexpress.com.br\/index.php\/wp-json\/wp\/v2\/comments?post=755"}],"wp:featuredmedia":[{"embeddable":true,"href":"https:\/\/camisetasebrindesexpress.com.br\/index.php\/wp-json\/wp\/v2\/media\/759"}],"wp:attachment":[{"href":"https:\/\/camisetasebrindesexpress.com.br\/index.php\/wp-json\/wp\/v2\/media?parent=755"}],"wp:term":[{"taxonomy":"product_cat","embeddable":true,"href":"https:\/\/camisetasebrindesexpress.com.br\/index.php\/wp-json\/wp\/v2\/product_cat?post=755"},{"taxonomy":"product_tag","embeddable":true,"href":"https:\/\/camisetasebrindesexpress.com.br\/index.php\/wp-json\/wp\/v2\/product_tag?post=755"}],"curies":[{"name":"wp","href":"https:\/\/api.w.org\/{rel}","templated":true}]}}