{"id":744,"date":"2024-04-29T20:01:21","date_gmt":"2024-04-29T23:01:21","guid":{"rendered":"https:\/\/camisetasebrindesexpress.com.br\/?post_type=product&#038;p=744"},"modified":"2024-04-29T20:01:21","modified_gmt":"2024-04-29T23:01:21","slug":"57391-omar-2-0-bateria-portatil-em-abs-com-bateria-de-litio-2-000-mah","status":"publish","type":"product","link":"https:\/\/camisetasebrindesexpress.com.br\/index.php\/produto\/57391-omar-2-0-bateria-portatil-em-abs-com-bateria-de-litio-2-000-mah\/","title":{"rendered":"57391 OMAR 2.0. Bateria port\u00e1til em ABS com bateria de l\u00edtio 2.000 mAh"},"content":{"rendered":"<p>Bateria port\u00e1til em ABS. Bateria de l\u00edtio com capacidade de 2.000 mAh, tempo de vida \u2265 500 ciclos e com entrada\/sa\u00edda 5V\/1A. Incluso cabo USB-A \/ USB-C para carregar a bateria. Fornecida em caixa presente. 112 x 42 x 25 mm | Caixa: 173 x 96 x 30 mm<\/p>\n","protected":false},"excerpt":{"rendered":"<p>Bateria port\u00e1til em ABS. Bateria de l\u00edtio com capacidade de 2.000 mAh, tempo de vida \u2265 500 ciclos e com entrada\/sa\u00edda 5V\/1A. Incluso cabo USB-A \/ USB-C para carregar a bateria. Fornecida em caixa presente. 112 x 42 x 25 mm | Caixa: 173 x 96 x 30 mm<\/p>\n","protected":false},"featured_media":748,"comment_status":"open","ping_status":"closed","template":"","meta":{"_joinchat":[]},"product_cat":[17],"product_tag":[],"_links":{"self":[{"href":"https:\/\/camisetasebrindesexpress.com.br\/index.php\/wp-json\/wp\/v2\/product\/744"}],"collection":[{"href":"https:\/\/camisetasebrindesexpress.com.br\/index.php\/wp-json\/wp\/v2\/product"}],"about":[{"href":"https:\/\/camisetasebrindesexpress.com.br\/index.php\/wp-json\/wp\/v2\/types\/product"}],"replies":[{"embeddable":true,"href":"https:\/\/camisetasebrindesexpress.com.br\/index.php\/wp-json\/wp\/v2\/comments?post=744"}],"wp:featuredmedia":[{"embeddable":true,"href":"https:\/\/camisetasebrindesexpress.com.br\/index.php\/wp-json\/wp\/v2\/media\/748"}],"wp:attachment":[{"href":"https:\/\/camisetasebrindesexpress.com.br\/index.php\/wp-json\/wp\/v2\/media?parent=744"}],"wp:term":[{"taxonomy":"product_cat","embeddable":true,"href":"https:\/\/camisetasebrindesexpress.com.br\/index.php\/wp-json\/wp\/v2\/product_cat?post=744"},{"taxonomy":"product_tag","embeddable":true,"href":"https:\/\/camisetasebrindesexpress.com.br\/index.php\/wp-json\/wp\/v2\/product_tag?post=744"}],"curies":[{"name":"wp","href":"https:\/\/api.w.org\/{rel}","templated":true}]}}