{"id":729,"date":"2024-04-29T19:39:53","date_gmt":"2024-04-29T22:39:53","guid":{"rendered":"https:\/\/camisetasebrindesexpress.com.br\/?post_type=product&#038;p=729"},"modified":"2024-04-29T19:39:53","modified_gmt":"2024-04-29T22:39:53","slug":"97077-sagan-bateria-portatil-com-ecra-touch-e-indicador-de-carga-4-000-mah","status":"publish","type":"product","link":"https:\/\/camisetasebrindesexpress.com.br\/index.php\/produto\/97077-sagan-bateria-portatil-com-ecra-touch-e-indicador-de-carga-4-000-mah\/","title":{"rendered":"97077 SAGAN. Bateria port\u00e1til com ecr\u00e3 touch e indicador de carga 4.000 mAh"},"content":{"rendered":"<p>Bateria port\u00e1til em ABS e a\u00e7o inox com tela touch e indicador de carga. Bateria pol\u00edmero de l\u00edtio com capacidade de 4.000 mAh e tempo de vida \u2265 500 ciclos. Entrada 5V\/1A e sa\u00edda 5V\/1A. Incluso cabo USB \/ micro USB para carregar a bateria. Fornecido em caixa presente. 116 x 65 x 7 mm<\/p>\n","protected":false},"excerpt":{"rendered":"<p>Bateria port\u00e1til em ABS e a\u00e7o inox com tela touch e indicador de carga. Bateria pol\u00edmero de l\u00edtio com capacidade de 4.000 mAh e tempo de vida \u2265 500 ciclos. Entrada 5V\/1A e sa\u00edda 5V\/1A. Incluso cabo USB \/ micro USB para carregar a bateria. Fornecido em caixa presente. 116 x 65 x 7 mm<\/p>\n","protected":false},"featured_media":736,"comment_status":"open","ping_status":"closed","template":"","meta":{"_joinchat":[]},"product_cat":[17],"product_tag":[],"_links":{"self":[{"href":"https:\/\/camisetasebrindesexpress.com.br\/index.php\/wp-json\/wp\/v2\/product\/729"}],"collection":[{"href":"https:\/\/camisetasebrindesexpress.com.br\/index.php\/wp-json\/wp\/v2\/product"}],"about":[{"href":"https:\/\/camisetasebrindesexpress.com.br\/index.php\/wp-json\/wp\/v2\/types\/product"}],"replies":[{"embeddable":true,"href":"https:\/\/camisetasebrindesexpress.com.br\/index.php\/wp-json\/wp\/v2\/comments?post=729"}],"wp:featuredmedia":[{"embeddable":true,"href":"https:\/\/camisetasebrindesexpress.com.br\/index.php\/wp-json\/wp\/v2\/media\/736"}],"wp:attachment":[{"href":"https:\/\/camisetasebrindesexpress.com.br\/index.php\/wp-json\/wp\/v2\/media?parent=729"}],"wp:term":[{"taxonomy":"product_cat","embeddable":true,"href":"https:\/\/camisetasebrindesexpress.com.br\/index.php\/wp-json\/wp\/v2\/product_cat?post=729"},{"taxonomy":"product_tag","embeddable":true,"href":"https:\/\/camisetasebrindesexpress.com.br\/index.php\/wp-json\/wp\/v2\/product_tag?post=729"}],"curies":[{"name":"wp","href":"https:\/\/api.w.org\/{rel}","templated":true}]}}