{"id":704,"date":"2024-04-29T19:28:54","date_gmt":"2024-04-29T22:28:54","guid":{"rendered":"https:\/\/camisetasebrindesexpress.com.br\/?post_type=product&#038;p=704"},"modified":"2024-04-29T19:28:54","modified_gmt":"2024-04-29T22:28:54","slug":"57344-coulomb-4-0-bateria-portatil-slim-em-aluminio-4-000-mah","status":"publish","type":"product","link":"https:\/\/camisetasebrindesexpress.com.br\/index.php\/produto\/57344-coulomb-4-0-bateria-portatil-slim-em-aluminio-4-000-mah\/","title":{"rendered":"57344 COULOMB 4.0. Bateria port\u00e1til slim em alum\u00ednio 4.000 mAh"},"content":{"rendered":"<p>Bateria port\u00e1til slim em alum\u00ednio. Bateria de l\u00edtio com capacidade de 4.000 mAh, tempo de vida \u2265 500 ciclos e com entrada\/sa\u00edda 5V\/1A. Incluso cabo USB \/ micro USB para carregar a bateria. Fornecida em caixa presente. 110 x 68 x 10 mm<\/p>\n","protected":false},"excerpt":{"rendered":"<p>Bateria port\u00e1til slim em alum\u00ednio. Bateria de l\u00edtio com capacidade de 4.000 mAh, tempo de vida \u2265 500 ciclos e com entrada\/sa\u00edda 5V\/1A. Incluso cabo USB \/ micro USB para carregar a bateria. Fornecida em caixa presente. 110 x 68 x 10 mm<\/p>\n","protected":false},"featured_media":712,"comment_status":"open","ping_status":"closed","template":"","meta":{"_joinchat":[]},"product_cat":[17],"product_tag":[],"_links":{"self":[{"href":"https:\/\/camisetasebrindesexpress.com.br\/index.php\/wp-json\/wp\/v2\/product\/704"}],"collection":[{"href":"https:\/\/camisetasebrindesexpress.com.br\/index.php\/wp-json\/wp\/v2\/product"}],"about":[{"href":"https:\/\/camisetasebrindesexpress.com.br\/index.php\/wp-json\/wp\/v2\/types\/product"}],"replies":[{"embeddable":true,"href":"https:\/\/camisetasebrindesexpress.com.br\/index.php\/wp-json\/wp\/v2\/comments?post=704"}],"wp:featuredmedia":[{"embeddable":true,"href":"https:\/\/camisetasebrindesexpress.com.br\/index.php\/wp-json\/wp\/v2\/media\/712"}],"wp:attachment":[{"href":"https:\/\/camisetasebrindesexpress.com.br\/index.php\/wp-json\/wp\/v2\/media?parent=704"}],"wp:term":[{"taxonomy":"product_cat","embeddable":true,"href":"https:\/\/camisetasebrindesexpress.com.br\/index.php\/wp-json\/wp\/v2\/product_cat?post=704"},{"taxonomy":"product_tag","embeddable":true,"href":"https:\/\/camisetasebrindesexpress.com.br\/index.php\/wp-json\/wp\/v2\/product_tag?post=704"}],"curies":[{"name":"wp","href":"https:\/\/api.w.org\/{rel}","templated":true}]}}