{"id":698,"date":"2024-04-29T19:26:56","date_gmt":"2024-04-29T22:26:56","guid":{"rendered":"https:\/\/camisetasebrindesexpress.com.br\/?post_type=product&#038;p=698"},"modified":"2024-04-29T19:26:56","modified_gmt":"2024-04-29T22:26:56","slug":"97394-gagarin-bateria-portatil-em-abs-com-ventosas-na-base-4-000-mah","status":"publish","type":"product","link":"https:\/\/camisetasebrindesexpress.com.br\/index.php\/produto\/97394-gagarin-bateria-portatil-em-abs-com-ventosas-na-base-4-000-mah\/","title":{"rendered":"97394 GAGARIN. Bateria port\u00e1til em ABS com ventosas na base 4.000 mAh"},"content":{"rendered":"<p>Bateria port\u00e1til em ABS com ventosas na base. Bateria de l\u00edtio com capacidade de 4.000 mAh, tempo de vida \u2265 500 ciclos e com entrada\/sa\u00edda 5V\/1A. Incluso cabo USB \/ micro USB para carregar a bateria. Bateria: 123 x 50 x 14 mm | Base: 65 x 58 x 10 mm<\/p>\n","protected":false},"excerpt":{"rendered":"<p>Bateria port\u00e1til em ABS com ventosas na base. Bateria de l\u00edtio com capacidade de 4.000 mAh, tempo de vida \u2265 500 ciclos e com entrada\/sa\u00edda 5V\/1A. Incluso cabo USB \/ micro USB para carregar a bateria. Bateria: 123 x 50 x 14 mm | Base: 65 x 58 x 10 mm<\/p>\n","protected":false},"featured_media":703,"comment_status":"open","ping_status":"closed","template":"","meta":{"_joinchat":[]},"product_cat":[17],"product_tag":[],"_links":{"self":[{"href":"https:\/\/camisetasebrindesexpress.com.br\/index.php\/wp-json\/wp\/v2\/product\/698"}],"collection":[{"href":"https:\/\/camisetasebrindesexpress.com.br\/index.php\/wp-json\/wp\/v2\/product"}],"about":[{"href":"https:\/\/camisetasebrindesexpress.com.br\/index.php\/wp-json\/wp\/v2\/types\/product"}],"replies":[{"embeddable":true,"href":"https:\/\/camisetasebrindesexpress.com.br\/index.php\/wp-json\/wp\/v2\/comments?post=698"}],"wp:featuredmedia":[{"embeddable":true,"href":"https:\/\/camisetasebrindesexpress.com.br\/index.php\/wp-json\/wp\/v2\/media\/703"}],"wp:attachment":[{"href":"https:\/\/camisetasebrindesexpress.com.br\/index.php\/wp-json\/wp\/v2\/media?parent=698"}],"wp:term":[{"taxonomy":"product_cat","embeddable":true,"href":"https:\/\/camisetasebrindesexpress.com.br\/index.php\/wp-json\/wp\/v2\/product_cat?post=698"},{"taxonomy":"product_tag","embeddable":true,"href":"https:\/\/camisetasebrindesexpress.com.br\/index.php\/wp-json\/wp\/v2\/product_tag?post=698"}],"curies":[{"name":"wp","href":"https:\/\/api.w.org\/{rel}","templated":true}]}}