{"id":693,"date":"2024-04-29T19:25:10","date_gmt":"2024-04-29T22:25:10","guid":{"rendered":"https:\/\/camisetasebrindesexpress.com.br\/?post_type=product&#038;p=693"},"modified":"2024-04-29T19:25:10","modified_gmt":"2024-04-29T22:25:10","slug":"97384-emlyn-bateria-portatil-em-aluminio-e-bateria-de-litio-8-000-mah","status":"publish","type":"product","link":"https:\/\/camisetasebrindesexpress.com.br\/index.php\/produto\/97384-emlyn-bateria-portatil-em-aluminio-e-bateria-de-litio-8-000-mah\/","title":{"rendered":"97384 EMLYN. Bateria port\u00e1til em alum\u00ednio e bateria de l\u00edtio 8.000 mAh"},"content":{"rendered":"<p>Bateria port\u00e1til em alum\u00ednio. Bateria de l\u00edtio com capacidade de 8.000 mAh, tempo de vida \u2265 500 ciclos e com entrada\/sa\u00edda 5V\/1A. Incluso cabo USB \/ micro USB para carregar a bateria. Fornecida em caixa presente. 90 x 77 x 22 mm | Caixa: 110 x 85 x 25 mm<\/p>\n","protected":false},"excerpt":{"rendered":"<p>Bateria port\u00e1til em alum\u00ednio. Bateria de l\u00edtio com capacidade de 8.000 mAh, tempo de vida \u2265 500 ciclos e com entrada\/sa\u00edda 5V\/1A. Incluso cabo USB \/ micro USB para carregar a bateria. Fornecida em caixa presente. 90 x 77 x 22 mm | Caixa: 110 x 85 x 25 mm<\/p>\n","protected":false},"featured_media":697,"comment_status":"open","ping_status":"closed","template":"","meta":{"_joinchat":[]},"product_cat":[17],"product_tag":[],"_links":{"self":[{"href":"https:\/\/camisetasebrindesexpress.com.br\/index.php\/wp-json\/wp\/v2\/product\/693"}],"collection":[{"href":"https:\/\/camisetasebrindesexpress.com.br\/index.php\/wp-json\/wp\/v2\/product"}],"about":[{"href":"https:\/\/camisetasebrindesexpress.com.br\/index.php\/wp-json\/wp\/v2\/types\/product"}],"replies":[{"embeddable":true,"href":"https:\/\/camisetasebrindesexpress.com.br\/index.php\/wp-json\/wp\/v2\/comments?post=693"}],"wp:featuredmedia":[{"embeddable":true,"href":"https:\/\/camisetasebrindesexpress.com.br\/index.php\/wp-json\/wp\/v2\/media\/697"}],"wp:attachment":[{"href":"https:\/\/camisetasebrindesexpress.com.br\/index.php\/wp-json\/wp\/v2\/media?parent=693"}],"wp:term":[{"taxonomy":"product_cat","embeddable":true,"href":"https:\/\/camisetasebrindesexpress.com.br\/index.php\/wp-json\/wp\/v2\/product_cat?post=693"},{"taxonomy":"product_tag","embeddable":true,"href":"https:\/\/camisetasebrindesexpress.com.br\/index.php\/wp-json\/wp\/v2\/product_tag?post=693"}],"curies":[{"name":"wp","href":"https:\/\/api.w.org\/{rel}","templated":true}]}}