{"id":688,"date":"2024-04-29T19:21:40","date_gmt":"2024-04-29T22:21:40","guid":{"rendered":"https:\/\/camisetasebrindesexpress.com.br\/?post_type=product&#038;p=688"},"modified":"2024-04-29T19:21:40","modified_gmt":"2024-04-29T22:21:40","slug":"57351-zack-7-2-bateria-portatil-em-aluminio-e-bateria-em-litio-7-200-mah","status":"publish","type":"product","link":"https:\/\/camisetasebrindesexpress.com.br\/index.php\/produto\/57351-zack-7-2-bateria-portatil-em-aluminio-e-bateria-em-litio-7-200-mah\/","title":{"rendered":"57351 ZACK 7.2. Bateria port\u00e1til em alum\u00ednio e bateria em l\u00edtio 7.200 mAh"},"content":{"rendered":"<p>Bateria port\u00e1til em alum\u00ednio. Bateria de l\u00edtio com capacidade de 7.200 mAh e tempo de vida \u2265 500 ciclos. Com entrada 5V\/2A , sa\u00edda 5V\/1-2.1A e 2 portas USB-A. Incluso cabo USB-A \/ USB-C para carregar a bateria. Fornecida em caixa presente. 150 x 74 x 12 mm | Caixa: 165 x 80 x 20 mm<\/p>\n","protected":false},"excerpt":{"rendered":"<p>Bateria port\u00e1til em alum\u00ednio. Bateria de l\u00edtio com capacidade de 7.200 mAh e tempo de vida \u2265 500 ciclos. Com entrada 5V\/2A , sa\u00edda 5V\/1-2.1A e 2 portas USB-A. Incluso cabo USB-A \/ USB-C para carregar a bateria. Fornecida em caixa presente. 150 x 74 x 12 mm | Caixa: 165 x 80 x 20 [&hellip;]<\/p>\n","protected":false},"featured_media":692,"comment_status":"open","ping_status":"closed","template":"","meta":{"_joinchat":[]},"product_cat":[17],"product_tag":[],"_links":{"self":[{"href":"https:\/\/camisetasebrindesexpress.com.br\/index.php\/wp-json\/wp\/v2\/product\/688"}],"collection":[{"href":"https:\/\/camisetasebrindesexpress.com.br\/index.php\/wp-json\/wp\/v2\/product"}],"about":[{"href":"https:\/\/camisetasebrindesexpress.com.br\/index.php\/wp-json\/wp\/v2\/types\/product"}],"replies":[{"embeddable":true,"href":"https:\/\/camisetasebrindesexpress.com.br\/index.php\/wp-json\/wp\/v2\/comments?post=688"}],"wp:featuredmedia":[{"embeddable":true,"href":"https:\/\/camisetasebrindesexpress.com.br\/index.php\/wp-json\/wp\/v2\/media\/692"}],"wp:attachment":[{"href":"https:\/\/camisetasebrindesexpress.com.br\/index.php\/wp-json\/wp\/v2\/media?parent=688"}],"wp:term":[{"taxonomy":"product_cat","embeddable":true,"href":"https:\/\/camisetasebrindesexpress.com.br\/index.php\/wp-json\/wp\/v2\/product_cat?post=688"},{"taxonomy":"product_tag","embeddable":true,"href":"https:\/\/camisetasebrindesexpress.com.br\/index.php\/wp-json\/wp\/v2\/product_tag?post=688"}],"curies":[{"name":"wp","href":"https:\/\/api.w.org\/{rel}","templated":true}]}}