{"id":680,"date":"2024-04-29T19:16:57","date_gmt":"2024-04-29T22:16:57","guid":{"rendered":"https:\/\/camisetasebrindesexpress.com.br\/?post_type=product&#038;p=680"},"modified":"2024-04-29T19:16:57","modified_gmt":"2024-04-29T22:16:57","slug":"97094-renewal-battery-bateria-portatil-em-pet-100-rpet","status":"publish","type":"product","link":"https:\/\/camisetasebrindesexpress.com.br\/index.php\/produto\/97094-renewal-battery-bateria-portatil-em-pet-100-rpet\/","title":{"rendered":"97094 RENEWAL BATTERY. Bateria port\u00e1til em PET (100% rPET)"},"content":{"rendered":"<p>Bateria port\u00e1til 100% rPET, com bateria de l\u00edtio, capacidade de 5.000 mAh e entrada\/sa\u00edda de 5V\/2A. Incluso uma porta para microUSB, uma porta USB-C e duas portas USB. Fornecida em caixa presente de papel kraft. 65 x 98 x 10 mm<\/p>\n<div class=\"icon\"><img decoding=\"async\" src=\"https:\/\/www.spotgifts.com.br\/fotos\/pictogramas\/109_wireless_charger_4729912416628e3f28b738.png\" alt=\"SPOT\" \/><\/div>\n<div><\/div>\n<div class=\"icon\"><img decoding=\"async\" src=\"https:\/\/www.spotgifts.com.br\/fotos\/pictogramas\/rpet_6281350156466226ac3266.png\" alt=\"SPOT\" \/><\/div>\n","protected":false},"excerpt":{"rendered":"<p>Bateria port\u00e1til 100% rPET, com bateria de l\u00edtio, capacidade de 5.000 mAh e entrada\/sa\u00edda de 5V\/2A. Incluso uma porta para microUSB, uma porta USB-C e duas portas USB. Fornecida em caixa presente de papel kraft. 65 x 98 x 10 mm<\/p>\n","protected":false},"featured_media":683,"comment_status":"open","ping_status":"closed","template":"","meta":{"_joinchat":[]},"product_cat":[17],"product_tag":[],"_links":{"self":[{"href":"https:\/\/camisetasebrindesexpress.com.br\/index.php\/wp-json\/wp\/v2\/product\/680"}],"collection":[{"href":"https:\/\/camisetasebrindesexpress.com.br\/index.php\/wp-json\/wp\/v2\/product"}],"about":[{"href":"https:\/\/camisetasebrindesexpress.com.br\/index.php\/wp-json\/wp\/v2\/types\/product"}],"replies":[{"embeddable":true,"href":"https:\/\/camisetasebrindesexpress.com.br\/index.php\/wp-json\/wp\/v2\/comments?post=680"}],"wp:featuredmedia":[{"embeddable":true,"href":"https:\/\/camisetasebrindesexpress.com.br\/index.php\/wp-json\/wp\/v2\/media\/683"}],"wp:attachment":[{"href":"https:\/\/camisetasebrindesexpress.com.br\/index.php\/wp-json\/wp\/v2\/media?parent=680"}],"wp:term":[{"taxonomy":"product_cat","embeddable":true,"href":"https:\/\/camisetasebrindesexpress.com.br\/index.php\/wp-json\/wp\/v2\/product_cat?post=680"},{"taxonomy":"product_tag","embeddable":true,"href":"https:\/\/camisetasebrindesexpress.com.br\/index.php\/wp-json\/wp\/v2\/product_tag?post=680"}],"curies":[{"name":"wp","href":"https:\/\/api.w.org\/{rel}","templated":true}]}}