{"id":672,"date":"2024-04-29T19:06:25","date_gmt":"2024-04-29T22:06:25","guid":{"rendered":"https:\/\/camisetasebrindesexpress.com.br\/?post_type=product&#038;p=672"},"modified":"2024-04-29T19:06:25","modified_gmt":"2024-04-29T22:06:25","slug":"97093-renewal-charger-carregador-wireless-pet-100-rpet","status":"publish","type":"product","link":"https:\/\/camisetasebrindesexpress.com.br\/index.php\/produto\/97093-renewal-charger-carregador-wireless-pet-100-rpet\/","title":{"rendered":"97093 RENEWAL CHARGER. Carregador wireless PET (100% rPET)"},"content":{"rendered":"<p>Bateria port\u00e1til 100% rPET. A pot\u00eancia de carregamento \u00e9 de 15W, com entradas 5V\/1.6A e 9V\/1.5A. Incluso cabo USB-A \/ USB-C de 1 m. Fornecido em caixa presente de papel kraft. 100 x 62 x 10 mm<\/p>\n<div class=\"icon\"><img decoding=\"async\" src=\"https:\/\/www.spotgifts.com.br\/fotos\/pictogramas\/109_wireless_charger_4729912416628e3f28b738.png\" alt=\"SPOT\" \/><\/div>\n<div><\/div>\n<div class=\"icon\"><\/div>\n","protected":false},"excerpt":{"rendered":"<p>Bateria port\u00e1til 100% rPET. A pot\u00eancia de carregamento \u00e9 de 15W, com entradas 5V\/1.6A e 9V\/1.5A. Incluso cabo USB-A \/ USB-C de 1 m. Fornecido em caixa presente de papel kraft. 100 x 62 x 10 mm<\/p>\n","protected":false},"featured_media":679,"comment_status":"open","ping_status":"closed","template":"","meta":{"_joinchat":[]},"product_cat":[17],"product_tag":[],"_links":{"self":[{"href":"https:\/\/camisetasebrindesexpress.com.br\/index.php\/wp-json\/wp\/v2\/product\/672"}],"collection":[{"href":"https:\/\/camisetasebrindesexpress.com.br\/index.php\/wp-json\/wp\/v2\/product"}],"about":[{"href":"https:\/\/camisetasebrindesexpress.com.br\/index.php\/wp-json\/wp\/v2\/types\/product"}],"replies":[{"embeddable":true,"href":"https:\/\/camisetasebrindesexpress.com.br\/index.php\/wp-json\/wp\/v2\/comments?post=672"}],"wp:featuredmedia":[{"embeddable":true,"href":"https:\/\/camisetasebrindesexpress.com.br\/index.php\/wp-json\/wp\/v2\/media\/679"}],"wp:attachment":[{"href":"https:\/\/camisetasebrindesexpress.com.br\/index.php\/wp-json\/wp\/v2\/media?parent=672"}],"wp:term":[{"taxonomy":"product_cat","embeddable":true,"href":"https:\/\/camisetasebrindesexpress.com.br\/index.php\/wp-json\/wp\/v2\/product_cat?post=672"},{"taxonomy":"product_tag","embeddable":true,"href":"https:\/\/camisetasebrindesexpress.com.br\/index.php\/wp-json\/wp\/v2\/product_tag?post=672"}],"curies":[{"name":"wp","href":"https:\/\/api.w.org\/{rel}","templated":true}]}}