{"id":653,"date":"2024-04-29T19:03:07","date_gmt":"2024-04-29T22:03:07","guid":{"rendered":"https:\/\/camisetasebrindesexpress.com.br\/?post_type=product&#038;p=653"},"modified":"2024-04-29T19:03:07","modified_gmt":"2024-04-29T22:03:07","slug":"57078-cassini-4-0-bateria-portatil-e-carregador-wireless-em-aluminio-com-bateria-de-polimero-de-litio-4-000-mah","status":"publish","type":"product","link":"https:\/\/camisetasebrindesexpress.com.br\/index.php\/produto\/57078-cassini-4-0-bateria-portatil-e-carregador-wireless-em-aluminio-com-bateria-de-polimero-de-litio-4-000-mah\/","title":{"rendered":"57078 CASSINI 4.0. Bateria port\u00e1til e carregador wireless em alum\u00ednio com bateria de pol\u00edmero de l\u00edtio 4.000 mAh"},"content":{"rendered":"<p>Bateria port\u00e1til e carregador wireless em alum\u00ednio com bateria de pol\u00edmero de l\u00edtio. Cont\u00e9m uma capacidade de 4.000 mAh e tempo de vida de \u2265 500 ciclos. Entrada 5V\/2A e sa\u00edda 5V\/2A com pot\u00eancia de carregamento de 5W e LED indicador de carga. Incluso cabo USB para carregar a bateria. Fornecida em caixa presente. 123 x 70 x 10 mm<\/p>\n<p><img decoding=\"async\" src=\"https:\/\/www.spotgifts.com.br\/fotos\/pictogramas\/led_459324091610cfcce3d233.png\" alt=\"SPOT\" \/><\/p>\n<div><\/div>\n<div class=\"icon\"><img decoding=\"async\" src=\"https:\/\/www.spotgifts.com.br\/fotos\/pictogramas\/109_wireless_charger_4729912416628e3f28b738.png\" alt=\"SPOT\" \/><\/div>\n","protected":false},"excerpt":{"rendered":"<p>Bateria port\u00e1til e carregador wireless em alum\u00ednio com bateria de pol\u00edmero de l\u00edtio. Cont\u00e9m uma capacidade de 4.000 mAh e tempo de vida de \u2265 500 ciclos. Entrada 5V\/2A e sa\u00edda 5V\/2A com pot\u00eancia de carregamento de 5W e LED indicador de carga. Incluso cabo USB para carregar a bateria. Fornecida em caixa presente. 123 [&hellip;]<\/p>\n","protected":false},"featured_media":667,"comment_status":"open","ping_status":"closed","template":"","meta":{"_joinchat":[]},"product_cat":[17],"product_tag":[],"_links":{"self":[{"href":"https:\/\/camisetasebrindesexpress.com.br\/index.php\/wp-json\/wp\/v2\/product\/653"}],"collection":[{"href":"https:\/\/camisetasebrindesexpress.com.br\/index.php\/wp-json\/wp\/v2\/product"}],"about":[{"href":"https:\/\/camisetasebrindesexpress.com.br\/index.php\/wp-json\/wp\/v2\/types\/product"}],"replies":[{"embeddable":true,"href":"https:\/\/camisetasebrindesexpress.com.br\/index.php\/wp-json\/wp\/v2\/comments?post=653"}],"wp:featuredmedia":[{"embeddable":true,"href":"https:\/\/camisetasebrindesexpress.com.br\/index.php\/wp-json\/wp\/v2\/media\/667"}],"wp:attachment":[{"href":"https:\/\/camisetasebrindesexpress.com.br\/index.php\/wp-json\/wp\/v2\/media?parent=653"}],"wp:term":[{"taxonomy":"product_cat","embeddable":true,"href":"https:\/\/camisetasebrindesexpress.com.br\/index.php\/wp-json\/wp\/v2\/product_cat?post=653"},{"taxonomy":"product_tag","embeddable":true,"href":"https:\/\/camisetasebrindesexpress.com.br\/index.php\/wp-json\/wp\/v2\/product_tag?post=653"}],"curies":[{"name":"wp","href":"https:\/\/api.w.org\/{rel}","templated":true}]}}