{"id":646,"date":"2024-04-29T18:54:06","date_gmt":"2024-04-29T21:54:06","guid":{"rendered":"https:\/\/camisetasebrindesexpress.com.br\/?post_type=product&#038;p=646"},"modified":"2024-04-29T18:54:06","modified_gmt":"2024-04-29T21:54:06","slug":"57904-aldrin-x-bateria-portatil-wireless-em-abs-10-000-mah","status":"publish","type":"product","link":"https:\/\/camisetasebrindesexpress.com.br\/index.php\/produto\/57904-aldrin-x-bateria-portatil-wireless-em-abs-10-000-mah\/","title":{"rendered":"57904 ALDRIN X. Bateria port\u00e1til wireless em ABS 10.000 mAh"},"content":{"rendered":"<p>Bateria port\u00e1til em ABS com acabamento emborrachado que permite o carregamento do dispositivo por indu\u00e7\u00e3o. Bateria de l\u00edtio com capacidade de 10.000 mAh e tempo de vida \u2265 500 ciclos. Com entrada\/sa\u00edda 5V\/2.1A e pot\u00eancia de carregamento de 15W. Indicador de carga e portas USB, micro USB e USB tipo C. Incluso USB-A \/ USB-C para carregar a bateria. Compat\u00edvel com smartphones com tecnologia de carregamento sem fios. Fornecida em caixa presente. 135 x 75 x 20 mm | Caixa: 150 x 95 x 25 mm<\/p>\n<div class=\"icon\"><img decoding=\"async\" src=\"https:\/\/www.spotgifts.com.br\/fotos\/pictogramas\/109_wireless_charger_4729912416628e3f28b738.png\" alt=\"SPOT\" \/><\/div>\n","protected":false},"excerpt":{"rendered":"<p>Bateria port\u00e1til em ABS com acabamento emborrachado que permite o carregamento do dispositivo por indu\u00e7\u00e3o. Bateria de l\u00edtio com capacidade de 10.000 mAh e tempo de vida \u2265 500 ciclos. Com entrada\/sa\u00edda 5V\/2.1A e pot\u00eancia de carregamento de 15W. Indicador de carga e portas USB, micro USB e USB tipo C. Incluso USB-A \/ USB-C [&hellip;]<\/p>\n","protected":false},"featured_media":652,"comment_status":"open","ping_status":"closed","template":"","meta":{"_joinchat":[]},"product_cat":[17],"product_tag":[],"_links":{"self":[{"href":"https:\/\/camisetasebrindesexpress.com.br\/index.php\/wp-json\/wp\/v2\/product\/646"}],"collection":[{"href":"https:\/\/camisetasebrindesexpress.com.br\/index.php\/wp-json\/wp\/v2\/product"}],"about":[{"href":"https:\/\/camisetasebrindesexpress.com.br\/index.php\/wp-json\/wp\/v2\/types\/product"}],"replies":[{"embeddable":true,"href":"https:\/\/camisetasebrindesexpress.com.br\/index.php\/wp-json\/wp\/v2\/comments?post=646"}],"wp:featuredmedia":[{"embeddable":true,"href":"https:\/\/camisetasebrindesexpress.com.br\/index.php\/wp-json\/wp\/v2\/media\/652"}],"wp:attachment":[{"href":"https:\/\/camisetasebrindesexpress.com.br\/index.php\/wp-json\/wp\/v2\/media?parent=646"}],"wp:term":[{"taxonomy":"product_cat","embeddable":true,"href":"https:\/\/camisetasebrindesexpress.com.br\/index.php\/wp-json\/wp\/v2\/product_cat?post=646"},{"taxonomy":"product_tag","embeddable":true,"href":"https:\/\/camisetasebrindesexpress.com.br\/index.php\/wp-json\/wp\/v2\/product_tag?post=646"}],"curies":[{"name":"wp","href":"https:\/\/api.w.org\/{rel}","templated":true}]}}