{"id":638,"date":"2024-04-29T18:52:02","date_gmt":"2024-04-29T21:52:02","guid":{"rendered":"https:\/\/camisetasebrindesexpress.com.br\/?post_type=product&#038;p=638"},"modified":"2024-04-29T18:52:02","modified_gmt":"2024-04-29T21:52:02","slug":"97079-azofi-bateria-portatil-e-carregador-wireless-em-aluminio-4-000-mah","status":"publish","type":"product","link":"https:\/\/camisetasebrindesexpress.com.br\/index.php\/produto\/97079-azofi-bateria-portatil-e-carregador-wireless-em-aluminio-4-000-mah\/","title":{"rendered":"97079 AZOFI. Bateria port\u00e1til e carregador wireless em alum\u00ednio 4.000 mAh"},"content":{"rendered":"<p>Bateria port\u00e1til e carregador wireless em alum\u00ednio com LED indicador de carga. Bateria pol\u00edmero de l\u00edtio com capacidade de 4.000 mAh. Entrada 5V\/2A e sa\u00edda 5V\/2A e pot\u00eancia de carregamento: 5W. Incluso cabo USB \/ micro USB para carregar a bateria. Fornecido em caixa presente. 126 x 71 x 14 mm<\/p>\n<div class=\"icon\"><img decoding=\"async\" src=\"https:\/\/www.spotgifts.com.br\/fotos\/pictogramas\/109_wireless_charger_4729912416628e3f28b738.png\" alt=\"SPOT\" \/><\/div>\n<div><\/div>\n<div class=\"icon\">\n<div class=\"icon\"><img decoding=\"async\" src=\"https:\/\/www.spotgifts.com.br\/fotos\/pictogramas\/led_459324091610cfcce3d233.png\" alt=\"SPOT\" \/><\/div>\n<\/div>\n","protected":false},"excerpt":{"rendered":"<p>Bateria port\u00e1til e carregador wireless em alum\u00ednio com LED indicador de carga. Bateria pol\u00edmero de l\u00edtio com capacidade de 4.000 mAh. Entrada 5V\/2A e sa\u00edda 5V\/2A e pot\u00eancia de carregamento: 5W. Incluso cabo USB \/ micro USB para carregar a bateria. Fornecido em caixa presente. 126 x 71 x 14 mm<\/p>\n","protected":false},"featured_media":645,"comment_status":"open","ping_status":"closed","template":"","meta":{"_joinchat":[]},"product_cat":[17],"product_tag":[],"_links":{"self":[{"href":"https:\/\/camisetasebrindesexpress.com.br\/index.php\/wp-json\/wp\/v2\/product\/638"}],"collection":[{"href":"https:\/\/camisetasebrindesexpress.com.br\/index.php\/wp-json\/wp\/v2\/product"}],"about":[{"href":"https:\/\/camisetasebrindesexpress.com.br\/index.php\/wp-json\/wp\/v2\/types\/product"}],"replies":[{"embeddable":true,"href":"https:\/\/camisetasebrindesexpress.com.br\/index.php\/wp-json\/wp\/v2\/comments?post=638"}],"wp:featuredmedia":[{"embeddable":true,"href":"https:\/\/camisetasebrindesexpress.com.br\/index.php\/wp-json\/wp\/v2\/media\/645"}],"wp:attachment":[{"href":"https:\/\/camisetasebrindesexpress.com.br\/index.php\/wp-json\/wp\/v2\/media?parent=638"}],"wp:term":[{"taxonomy":"product_cat","embeddable":true,"href":"https:\/\/camisetasebrindesexpress.com.br\/index.php\/wp-json\/wp\/v2\/product_cat?post=638"},{"taxonomy":"product_tag","embeddable":true,"href":"https:\/\/camisetasebrindesexpress.com.br\/index.php\/wp-json\/wp\/v2\/product_tag?post=638"}],"curies":[{"name":"wp","href":"https:\/\/api.w.org\/{rel}","templated":true}]}}