{"id":634,"date":"2024-04-29T18:49:16","date_gmt":"2024-04-29T21:49:16","guid":{"rendered":"https:\/\/camisetasebrindesexpress.com.br\/?post_type=product&#038;p=634"},"modified":"2024-04-29T18:49:16","modified_gmt":"2024-04-29T21:49:16","slug":"57905-raman-bk-bateria-portatil-em-abs-com-led","status":"publish","type":"product","link":"https:\/\/camisetasebrindesexpress.com.br\/index.php\/produto\/57905-raman-bk-bateria-portatil-em-abs-com-led\/","title":{"rendered":"57905 RAMAN BK. Bateria port\u00e1til em ABS com LED"},"content":{"rendered":"<p>Bateria port\u00e1til em ABS, com LED. Cont\u00e9m bateria de l\u00edtio com capacidade de 16.000 mAh e tempo de vida superior a 1.000 ciclos. Tem entrada 5V\/1.8A, sa\u00edda 5V\/1-2.1A, indicador de carga, 2 portas USB, 1 porta de entrada micro USB e 1 porta de entrada USB-C. A bateria tem prote\u00e7\u00e3o para sobrecarga, curto circuito e sobreaquecimento. Incluso cabo USB-A \/ USB-C para carregamento. Fornecida em caixa presente. 156 x 80 x 23 mm | Caixa: 175 x 100 x 30 mm<\/p>\n<div class=\"icon\"><img decoding=\"async\" src=\"https:\/\/www.spotgifts.com.br\/fotos\/pictogramas\/led_459324091610cfcce3d233.png\" alt=\"SPOT\" \/><\/div>\n","protected":false},"excerpt":{"rendered":"<p>Bateria port\u00e1til em ABS, com LED. Cont\u00e9m bateria de l\u00edtio com capacidade de 16.000 mAh e tempo de vida superior a 1.000 ciclos. Tem entrada 5V\/1.8A, sa\u00edda 5V\/1-2.1A, indicador de carga, 2 portas USB, 1 porta de entrada micro USB e 1 porta de entrada USB-C. A bateria tem prote\u00e7\u00e3o para sobrecarga, curto circuito e [&hellip;]<\/p>\n","protected":false},"featured_media":637,"comment_status":"open","ping_status":"closed","template":"","meta":{"_joinchat":[]},"product_cat":[17],"product_tag":[],"_links":{"self":[{"href":"https:\/\/camisetasebrindesexpress.com.br\/index.php\/wp-json\/wp\/v2\/product\/634"}],"collection":[{"href":"https:\/\/camisetasebrindesexpress.com.br\/index.php\/wp-json\/wp\/v2\/product"}],"about":[{"href":"https:\/\/camisetasebrindesexpress.com.br\/index.php\/wp-json\/wp\/v2\/types\/product"}],"replies":[{"embeddable":true,"href":"https:\/\/camisetasebrindesexpress.com.br\/index.php\/wp-json\/wp\/v2\/comments?post=634"}],"wp:featuredmedia":[{"embeddable":true,"href":"https:\/\/camisetasebrindesexpress.com.br\/index.php\/wp-json\/wp\/v2\/media\/637"}],"wp:attachment":[{"href":"https:\/\/camisetasebrindesexpress.com.br\/index.php\/wp-json\/wp\/v2\/media?parent=634"}],"wp:term":[{"taxonomy":"product_cat","embeddable":true,"href":"https:\/\/camisetasebrindesexpress.com.br\/index.php\/wp-json\/wp\/v2\/product_cat?post=634"},{"taxonomy":"product_tag","embeddable":true,"href":"https:\/\/camisetasebrindesexpress.com.br\/index.php\/wp-json\/wp\/v2\/product_tag?post=634"}],"curies":[{"name":"wp","href":"https:\/\/api.w.org\/{rel}","templated":true}]}}