{"id":627,"date":"2024-04-29T18:46:56","date_gmt":"2024-04-29T21:46:56","guid":{"rendered":"https:\/\/camisetasebrindesexpress.com.br\/?post_type=product&#038;p=627"},"modified":"2024-04-29T18:46:56","modified_gmt":"2024-04-29T21:46:56","slug":"57252-florey-ii-caixa-de-som-em-aluminio-com-microfone","status":"publish","type":"product","link":"https:\/\/camisetasebrindesexpress.com.br\/index.php\/produto\/57252-florey-ii-caixa-de-som-em-aluminio-com-microfone\/","title":{"rendered":"57252 FLOREY II. Caixa de som em alum\u00ednio com microfone"},"content":{"rendered":"<div class=\"texto\">Caixa de som com microfone em alum\u00ednio, com transmiss\u00e3o sem fios BT v5.0 e leitor de cart\u00f5es TF com 3W\/4\u03a9. Autonomia aproximada de 3h. Fun\u00e7\u00e3o para atender chamadas, controle de volume, conex\u00e3o \u00e0 playlist do dispositivo m\u00f3vel e r\u00e1dio FM. Incluso cabo micro USB para carregar. Fornecida em caixa presente. \u00f871 x 42 mm | Caixa: 80 x 80 x 60 mm<\/div>\n<div class=\"icons\">\n<div class=\"icon\"><img decoding=\"async\" src=\"https:\/\/www.spotgifts.com.br\/fotos\/pictogramas\/bluetooth_369218040610cfa7d48af9.png\" alt=\"SPOT\" \/><\/div>\n<\/div>\n","protected":false},"excerpt":{"rendered":"<p>Caixa de som com microfone em alum\u00ednio, com transmiss\u00e3o sem fios BT v5.0 e leitor de cart\u00f5es TF com 3W\/4\u03a9. Autonomia aproximada de 3h. Fun\u00e7\u00e3o para atender chamadas, controle de volume, conex\u00e3o \u00e0 playlist do dispositivo m\u00f3vel e r\u00e1dio FM. Incluso cabo micro USB para carregar. Fornecida em caixa presente. \u00f871 x 42 mm | [&hellip;]<\/p>\n","protected":false},"featured_media":633,"comment_status":"open","ping_status":"closed","template":"","meta":{"_joinchat":[]},"product_cat":[17],"product_tag":[],"_links":{"self":[{"href":"https:\/\/camisetasebrindesexpress.com.br\/index.php\/wp-json\/wp\/v2\/product\/627"}],"collection":[{"href":"https:\/\/camisetasebrindesexpress.com.br\/index.php\/wp-json\/wp\/v2\/product"}],"about":[{"href":"https:\/\/camisetasebrindesexpress.com.br\/index.php\/wp-json\/wp\/v2\/types\/product"}],"replies":[{"embeddable":true,"href":"https:\/\/camisetasebrindesexpress.com.br\/index.php\/wp-json\/wp\/v2\/comments?post=627"}],"wp:featuredmedia":[{"embeddable":true,"href":"https:\/\/camisetasebrindesexpress.com.br\/index.php\/wp-json\/wp\/v2\/media\/633"}],"wp:attachment":[{"href":"https:\/\/camisetasebrindesexpress.com.br\/index.php\/wp-json\/wp\/v2\/media?parent=627"}],"wp:term":[{"taxonomy":"product_cat","embeddable":true,"href":"https:\/\/camisetasebrindesexpress.com.br\/index.php\/wp-json\/wp\/v2\/product_cat?post=627"},{"taxonomy":"product_tag","embeddable":true,"href":"https:\/\/camisetasebrindesexpress.com.br\/index.php\/wp-json\/wp\/v2\/product_tag?post=627"}],"curies":[{"name":"wp","href":"https:\/\/api.w.org\/{rel}","templated":true}]}}