{"id":621,"date":"2024-04-29T18:45:18","date_gmt":"2024-04-29T21:45:18","guid":{"rendered":"https:\/\/camisetasebrindesexpress.com.br\/?post_type=product&#038;p=621"},"modified":"2024-04-29T18:45:19","modified_gmt":"2024-04-29T21:45:19","slug":"57927-symfony-caixa-de-som-com-microfone","status":"publish","type":"product","link":"https:\/\/camisetasebrindesexpress.com.br\/index.php\/produto\/57927-symfony-caixa-de-som-com-microfone\/","title":{"rendered":"57927 SYMFONY. Caixa de som com microfone"},"content":{"rendered":"<div class=\"texto\">Caixa de som com microfone, transmiss\u00e3o sem fios BT v4.0 com alcance de 10m e com pot\u00eancia de 3W. A capacidade da bateria \u00e9 de 500 mAh e o tempo de carregamento de 2-3 horas. Tem autonomia aproximada de 8 horas, microfone incorporado para chamadas e confer\u00eancias. Tem bot\u00e3o start\/stop e capacidade para r\u00e1dio FM. Compat\u00edvel com todos os dispositivos e permite transmiss\u00e3o sem fios BT. Incluso cabo USB\/DC 5 V\/Jack. Fornecida em caixa presente. \u00f860 x 50 mm | Caixa 97 x 87 x 95\u00a0mm<\/div>\n<div class=\"icons\">\n<div class=\"icon\"><img decoding=\"async\" src=\"https:\/\/www.spotgifts.com.br\/fotos\/pictogramas\/bluetooth_369218040610cfa7d48af9.png\" alt=\"SPOT\" \/><\/div>\n<\/div>\n","protected":false},"excerpt":{"rendered":"<p>Caixa de som com microfone, transmiss\u00e3o sem fios BT v4.0 com alcance de 10m e com pot\u00eancia de 3W. A capacidade da bateria \u00e9 de 500 mAh e o tempo de carregamento de 2-3 horas. Tem autonomia aproximada de 8 horas, microfone incorporado para chamadas e confer\u00eancias. Tem bot\u00e3o start\/stop e capacidade para r\u00e1dio FM. [&hellip;]<\/p>\n","protected":false},"featured_media":626,"comment_status":"open","ping_status":"closed","template":"","meta":{"_joinchat":[]},"product_cat":[17],"product_tag":[],"_links":{"self":[{"href":"https:\/\/camisetasebrindesexpress.com.br\/index.php\/wp-json\/wp\/v2\/product\/621"}],"collection":[{"href":"https:\/\/camisetasebrindesexpress.com.br\/index.php\/wp-json\/wp\/v2\/product"}],"about":[{"href":"https:\/\/camisetasebrindesexpress.com.br\/index.php\/wp-json\/wp\/v2\/types\/product"}],"replies":[{"embeddable":true,"href":"https:\/\/camisetasebrindesexpress.com.br\/index.php\/wp-json\/wp\/v2\/comments?post=621"}],"wp:featuredmedia":[{"embeddable":true,"href":"https:\/\/camisetasebrindesexpress.com.br\/index.php\/wp-json\/wp\/v2\/media\/626"}],"wp:attachment":[{"href":"https:\/\/camisetasebrindesexpress.com.br\/index.php\/wp-json\/wp\/v2\/media?parent=621"}],"wp:term":[{"taxonomy":"product_cat","embeddable":true,"href":"https:\/\/camisetasebrindesexpress.com.br\/index.php\/wp-json\/wp\/v2\/product_cat?post=621"},{"taxonomy":"product_tag","embeddable":true,"href":"https:\/\/camisetasebrindesexpress.com.br\/index.php\/wp-json\/wp\/v2\/product_tag?post=621"}],"curies":[{"name":"wp","href":"https:\/\/api.w.org\/{rel}","templated":true}]}}