{"id":615,"date":"2024-04-29T18:43:46","date_gmt":"2024-04-29T21:43:46","guid":{"rendered":"https:\/\/camisetasebrindesexpress.com.br\/?post_type=product&#038;p=615"},"modified":"2024-04-29T18:43:46","modified_gmt":"2024-04-29T21:43:46","slug":"57255-edison-bk-caixa-de-som-com-luz-led-interior-em-abs","status":"publish","type":"product","link":"https:\/\/camisetasebrindesexpress.com.br\/index.php\/produto\/57255-edison-bk-caixa-de-som-com-luz-led-interior-em-abs\/","title":{"rendered":"57255 EDISON BK. Caixa de som com luz LED interior em ABS"},"content":{"rendered":"<div class=\"texto\">Caixa de som port\u00e1til, com luz LED no interior, em ABS e acabamento emborrachado. (personaliz\u00e1vel com log\u00f3tipo iluminado). Transmiss\u00e3o sem fios BT v4.2 e pot\u00eancia de 3W (4\u03a9). Bateria com 300 mAh e autonomia aproximada de 2h. Incluso cabo 2 em 1: USB \/ micro USB para carregamento e micro USB\/3.5 jack. Fornecida em caixa presente. 59 x 59 x 51 mm<\/div>\n<div class=\"icons\">\n<div class=\"icon\"><img decoding=\"async\" src=\"https:\/\/www.spotgifts.com.br\/fotos\/pictogramas\/bluetooth_369218040610cfa7d48af9.png\" alt=\"SPOT\" \/><\/div>\n<\/div>\n<div><\/div>\n<div>\u00a0<img decoding=\"async\" src=\"https:\/\/www.spotgifts.com.br\/fotos\/pictogramas\/led_459324091610cfcce3d233.png\" alt=\"SPOT\" \/><\/div>\n","protected":false},"excerpt":{"rendered":"<p>Caixa de som port\u00e1til, com luz LED no interior, em ABS e acabamento emborrachado. (personaliz\u00e1vel com log\u00f3tipo iluminado). Transmiss\u00e3o sem fios BT v4.2 e pot\u00eancia de 3W (4\u03a9). Bateria com 300 mAh e autonomia aproximada de 2h. Incluso cabo 2 em 1: USB \/ micro USB para carregamento e micro USB\/3.5 jack. Fornecida em caixa [&hellip;]<\/p>\n","protected":false},"featured_media":620,"comment_status":"open","ping_status":"closed","template":"","meta":{"_joinchat":[]},"product_cat":[17],"product_tag":[],"_links":{"self":[{"href":"https:\/\/camisetasebrindesexpress.com.br\/index.php\/wp-json\/wp\/v2\/product\/615"}],"collection":[{"href":"https:\/\/camisetasebrindesexpress.com.br\/index.php\/wp-json\/wp\/v2\/product"}],"about":[{"href":"https:\/\/camisetasebrindesexpress.com.br\/index.php\/wp-json\/wp\/v2\/types\/product"}],"replies":[{"embeddable":true,"href":"https:\/\/camisetasebrindesexpress.com.br\/index.php\/wp-json\/wp\/v2\/comments?post=615"}],"wp:featuredmedia":[{"embeddable":true,"href":"https:\/\/camisetasebrindesexpress.com.br\/index.php\/wp-json\/wp\/v2\/media\/620"}],"wp:attachment":[{"href":"https:\/\/camisetasebrindesexpress.com.br\/index.php\/wp-json\/wp\/v2\/media?parent=615"}],"wp:term":[{"taxonomy":"product_cat","embeddable":true,"href":"https:\/\/camisetasebrindesexpress.com.br\/index.php\/wp-json\/wp\/v2\/product_cat?post=615"},{"taxonomy":"product_tag","embeddable":true,"href":"https:\/\/camisetasebrindesexpress.com.br\/index.php\/wp-json\/wp\/v2\/product_tag?post=615"}],"curies":[{"name":"wp","href":"https:\/\/api.w.org\/{rel}","templated":true}]}}