{"id":610,"date":"2024-04-29T18:41:36","date_gmt":"2024-04-29T21:41:36","guid":{"rendered":"https:\/\/camisetasebrindesexpress.com.br\/?post_type=product&#038;p=610"},"modified":"2024-04-29T18:41:36","modified_gmt":"2024-04-29T21:41:36","slug":"97328-bow-caixa-de-som-a-prova-de-agua-em-abs","status":"publish","type":"product","link":"https:\/\/camisetasebrindesexpress.com.br\/index.php\/produto\/97328-bow-caixa-de-som-a-prova-de-agua-em-abs\/","title":{"rendered":"97328 BOW. Caixa de som \u00e0 prova de \u00e1gua em ABS"},"content":{"rendered":"<div class=\"texto\">Caixa de som \u00e0 prova de \u00e1gua em ABS e acabamento emborrachado com ventosa. transmiss\u00e3o sem fios BT v5.0 e pot\u00eancia de 3W\/4\u03a9. Autonomia aproximada de 3 h. Fun\u00e7\u00e3o para atender chamadas, controle de volume e conex\u00e3o \u00e0 playlist do dispositivo m\u00f3vel. Incluso cabo para carregamento. Fornecida em caixa presente. \u00f885 x 50 mm | Caixa: 88 x 88 x 55 mm<\/div>\n<div class=\"icons\">\n<div class=\"icon\"><img decoding=\"async\" src=\"https:\/\/www.spotgifts.com.br\/fotos\/pictogramas\/bluetooth_369218040610cfa7d48af9.png\" alt=\"SPOT\" \/><\/div>\n<\/div>\n<div><\/div>\n<div>\n<div class=\"icon\"><img decoding=\"async\" src=\"https:\/\/www.spotgifts.com.br\/fotos\/pictogramas\/prova_agua_466749045610cfe2bd0ddd.png\" alt=\"SPOT\" \/><\/div>\n<\/div>\n","protected":false},"excerpt":{"rendered":"<p>Caixa de som \u00e0 prova de \u00e1gua em ABS e acabamento emborrachado com ventosa. transmiss\u00e3o sem fios BT v5.0 e pot\u00eancia de 3W\/4\u03a9. Autonomia aproximada de 3 h. Fun\u00e7\u00e3o para atender chamadas, controle de volume e conex\u00e3o \u00e0 playlist do dispositivo m\u00f3vel. Incluso cabo para carregamento. Fornecida em caixa presente. \u00f885 x 50 mm | [&hellip;]<\/p>\n","protected":false},"featured_media":614,"comment_status":"open","ping_status":"closed","template":"","meta":{"_joinchat":[]},"product_cat":[17],"product_tag":[],"_links":{"self":[{"href":"https:\/\/camisetasebrindesexpress.com.br\/index.php\/wp-json\/wp\/v2\/product\/610"}],"collection":[{"href":"https:\/\/camisetasebrindesexpress.com.br\/index.php\/wp-json\/wp\/v2\/product"}],"about":[{"href":"https:\/\/camisetasebrindesexpress.com.br\/index.php\/wp-json\/wp\/v2\/types\/product"}],"replies":[{"embeddable":true,"href":"https:\/\/camisetasebrindesexpress.com.br\/index.php\/wp-json\/wp\/v2\/comments?post=610"}],"wp:featuredmedia":[{"embeddable":true,"href":"https:\/\/camisetasebrindesexpress.com.br\/index.php\/wp-json\/wp\/v2\/media\/614"}],"wp:attachment":[{"href":"https:\/\/camisetasebrindesexpress.com.br\/index.php\/wp-json\/wp\/v2\/media?parent=610"}],"wp:term":[{"taxonomy":"product_cat","embeddable":true,"href":"https:\/\/camisetasebrindesexpress.com.br\/index.php\/wp-json\/wp\/v2\/product_cat?post=610"},{"taxonomy":"product_tag","embeddable":true,"href":"https:\/\/camisetasebrindesexpress.com.br\/index.php\/wp-json\/wp\/v2\/product_tag?post=610"}],"curies":[{"name":"wp","href":"https:\/\/api.w.org\/{rel}","templated":true}]}}