{"id":600,"date":"2024-04-29T18:38:51","date_gmt":"2024-04-29T21:38:51","guid":{"rendered":"https:\/\/camisetasebrindesexpress.com.br\/?post_type=product&#038;p=600"},"modified":"2024-04-29T18:38:51","modified_gmt":"2024-04-29T21:38:51","slug":"57335-holly-caixa-de-som-em-abs-com-microfone","status":"publish","type":"product","link":"https:\/\/camisetasebrindesexpress.com.br\/index.php\/produto\/57335-holly-caixa-de-som-em-abs-com-microfone\/","title":{"rendered":"57335 HOLLY. Caixa de som em ABS com microfone"},"content":{"rendered":"<div class=\"texto\">Caixa de som com microfone em ABS, com transmiss\u00e3o sem fios BT v3.0, liga\u00e7\u00e3o stereo 3,5 mm e leitor de cart\u00f5es TF, com 3W\/4\u03a9 e autonomia aproximada de 3 h. Fun\u00e7\u00e3o para atender chamadas, controle de volume e conex\u00e3o \u00e0 playlist do dispositivo m\u00f3vel. Com apoio antideslizante para celular. Incluso cabo USB para carregar. Fornecida em caixa presente. \u00f885 x 66 mm | Caixa: 93 x 93 x 85 mm<\/div>\n<div class=\"icons\">\n<div class=\"icon\"><img decoding=\"async\" src=\"https:\/\/www.spotgifts.com.br\/fotos\/pictogramas\/bluetooth_369218040610cfa7d48af9.png\" alt=\"SPOT\" \/><\/div>\n<\/div>\n<div><\/div>\n<div><img decoding=\"async\" src=\"https:\/\/www.spotgifts.com.br\/fotos\/pictogramas\/107_tf_reader_15009535466628db1ae537f.png\" alt=\"SPOT\" \/><\/div>\n","protected":false},"excerpt":{"rendered":"<p>Caixa de som com microfone em ABS, com transmiss\u00e3o sem fios BT v3.0, liga\u00e7\u00e3o stereo 3,5 mm e leitor de cart\u00f5es TF, com 3W\/4\u03a9 e autonomia aproximada de 3 h. Fun\u00e7\u00e3o para atender chamadas, controle de volume e conex\u00e3o \u00e0 playlist do dispositivo m\u00f3vel. Com apoio antideslizante para celular. Incluso cabo USB para carregar. Fornecida [&hellip;]<\/p>\n","protected":false},"featured_media":603,"comment_status":"open","ping_status":"closed","template":"","meta":{"_joinchat":[]},"product_cat":[17],"product_tag":[],"_links":{"self":[{"href":"https:\/\/camisetasebrindesexpress.com.br\/index.php\/wp-json\/wp\/v2\/product\/600"}],"collection":[{"href":"https:\/\/camisetasebrindesexpress.com.br\/index.php\/wp-json\/wp\/v2\/product"}],"about":[{"href":"https:\/\/camisetasebrindesexpress.com.br\/index.php\/wp-json\/wp\/v2\/types\/product"}],"replies":[{"embeddable":true,"href":"https:\/\/camisetasebrindesexpress.com.br\/index.php\/wp-json\/wp\/v2\/comments?post=600"}],"wp:featuredmedia":[{"embeddable":true,"href":"https:\/\/camisetasebrindesexpress.com.br\/index.php\/wp-json\/wp\/v2\/media\/603"}],"wp:attachment":[{"href":"https:\/\/camisetasebrindesexpress.com.br\/index.php\/wp-json\/wp\/v2\/media?parent=600"}],"wp:term":[{"taxonomy":"product_cat","embeddable":true,"href":"https:\/\/camisetasebrindesexpress.com.br\/index.php\/wp-json\/wp\/v2\/product_cat?post=600"},{"taxonomy":"product_tag","embeddable":true,"href":"https:\/\/camisetasebrindesexpress.com.br\/index.php\/wp-json\/wp\/v2\/product_tag?post=600"}],"curies":[{"name":"wp","href":"https:\/\/api.w.org\/{rel}","templated":true}]}}