{"id":580,"date":"2024-04-23T21:08:52","date_gmt":"2024-04-24T00:08:52","guid":{"rendered":"https:\/\/camisetasebrindesexpress.com.br\/?post_type=product&#038;p=580"},"modified":"2024-04-23T21:08:52","modified_gmt":"2024-04-24T00:08:52","slug":"97097-turing-caixa-de-som-portatil-em-26-rabs-com-faixa-led-exterior","status":"publish","type":"product","link":"https:\/\/camisetasebrindesexpress.com.br\/index.php\/produto\/97097-turing-caixa-de-som-portatil-em-26-rabs-com-faixa-led-exterior\/","title":{"rendered":"97097 TURING. Caixa de som port\u00e1til em 26% rABS com faixa LED exterior"},"content":{"rendered":"<div class=\"texto\">Caixa de som port\u00e1til em ABS (26% rABS) com faixa LED exterior, com transmiss\u00e3o BT v5.0. Tem pot\u00eancia de 3W (4\u03a9) e autonomia aproximada de 4 horas. Permite ainda a fun\u00e7\u00e3o para atender chamadas e conectar \u00e0 playlist do dispositivo m\u00f3vel. Fornecido em caixa presente de papel kraft. \u00f855 x 63 mm<\/div>\n<div class=\"icons\">\n<div class=\"icon\"><img decoding=\"async\" src=\"https:\/\/www.spotgifts.com.br\/fotos\/pictogramas\/bluetooth_369218040610cfa7d48af9.png\" alt=\"SPOT\" \/><\/div>\n<\/div>\n","protected":false},"excerpt":{"rendered":"<p>Caixa de som port\u00e1til em ABS (26% rABS) com faixa LED exterior, com transmiss\u00e3o BT v5.0. Tem pot\u00eancia de 3W (4\u03a9) e autonomia aproximada de 4 horas. Permite ainda a fun\u00e7\u00e3o para atender chamadas e conectar \u00e0 playlist do dispositivo m\u00f3vel. Fornecido em caixa presente de papel kraft. \u00f855 x 63 mm<\/p>\n","protected":false},"featured_media":591,"comment_status":"open","ping_status":"closed","template":"","meta":{"_joinchat":[]},"product_cat":[17],"product_tag":[],"_links":{"self":[{"href":"https:\/\/camisetasebrindesexpress.com.br\/index.php\/wp-json\/wp\/v2\/product\/580"}],"collection":[{"href":"https:\/\/camisetasebrindesexpress.com.br\/index.php\/wp-json\/wp\/v2\/product"}],"about":[{"href":"https:\/\/camisetasebrindesexpress.com.br\/index.php\/wp-json\/wp\/v2\/types\/product"}],"replies":[{"embeddable":true,"href":"https:\/\/camisetasebrindesexpress.com.br\/index.php\/wp-json\/wp\/v2\/comments?post=580"}],"wp:featuredmedia":[{"embeddable":true,"href":"https:\/\/camisetasebrindesexpress.com.br\/index.php\/wp-json\/wp\/v2\/media\/591"}],"wp:attachment":[{"href":"https:\/\/camisetasebrindesexpress.com.br\/index.php\/wp-json\/wp\/v2\/media?parent=580"}],"wp:term":[{"taxonomy":"product_cat","embeddable":true,"href":"https:\/\/camisetasebrindesexpress.com.br\/index.php\/wp-json\/wp\/v2\/product_cat?post=580"},{"taxonomy":"product_tag","embeddable":true,"href":"https:\/\/camisetasebrindesexpress.com.br\/index.php\/wp-json\/wp\/v2\/product_tag?post=580"}],"curies":[{"name":"wp","href":"https:\/\/api.w.org\/{rel}","templated":true}]}}