{"id":573,"date":"2024-04-23T21:06:24","date_gmt":"2024-04-24T00:06:24","guid":{"rendered":"https:\/\/camisetasebrindesexpress.com.br\/?post_type=product&#038;p=573"},"modified":"2024-04-23T21:06:24","modified_gmt":"2024-04-24T00:06:24","slug":"57385-ecclus-caixa-de-som-com-microfone-em-abs-e-tecido-em-poliester","status":"publish","type":"product","link":"https:\/\/camisetasebrindesexpress.com.br\/index.php\/produto\/57385-ecclus-caixa-de-som-com-microfone-em-abs-e-tecido-em-poliester\/","title":{"rendered":"57385 ECCLUS. Caixa de som com microfone em ABS e tecido em poli\u00e9ster"},"content":{"rendered":"<div class=\"texto\">Caixa de som com microfone em ABS e tecido em poli\u00e9ster. Com gancho e acabamento emborrachado. transmiss\u00e3o sem fios BT v4.2, pot\u00eancia de 3W\/4\u03a9 e autonomia aproximada de 3 h. Fun\u00e7\u00e3o para atender chamadas, controle de volume e conex\u00e3o \u00e0 playlist do dispositivo m\u00f3vel. Incluso cabo para carregamento. Fornecida em caixa presente. \u00f890 x 40 mm | Caixa: 115 x 95 x 45 mm<\/div>\n<div class=\"icons\">\n<div class=\"icon\"><img decoding=\"async\" src=\"https:\/\/www.spotgifts.com.br\/fotos\/pictogramas\/bluetooth_369218040610cfa7d48af9.png\" alt=\"SPOT\" \/><\/div>\n<\/div>\n","protected":false},"excerpt":{"rendered":"<p>Caixa de som com microfone em ABS e tecido em poli\u00e9ster. Com gancho e acabamento emborrachado. transmiss\u00e3o sem fios BT v4.2, pot\u00eancia de 3W\/4\u03a9 e autonomia aproximada de 3 h. Fun\u00e7\u00e3o para atender chamadas, controle de volume e conex\u00e3o \u00e0 playlist do dispositivo m\u00f3vel. Incluso cabo para carregamento. Fornecida em caixa presente. \u00f890 x 40 [&hellip;]<\/p>\n","protected":false},"featured_media":579,"comment_status":"open","ping_status":"closed","template":"","meta":{"_joinchat":[]},"product_cat":[17],"product_tag":[],"_links":{"self":[{"href":"https:\/\/camisetasebrindesexpress.com.br\/index.php\/wp-json\/wp\/v2\/product\/573"}],"collection":[{"href":"https:\/\/camisetasebrindesexpress.com.br\/index.php\/wp-json\/wp\/v2\/product"}],"about":[{"href":"https:\/\/camisetasebrindesexpress.com.br\/index.php\/wp-json\/wp\/v2\/types\/product"}],"replies":[{"embeddable":true,"href":"https:\/\/camisetasebrindesexpress.com.br\/index.php\/wp-json\/wp\/v2\/comments?post=573"}],"wp:featuredmedia":[{"embeddable":true,"href":"https:\/\/camisetasebrindesexpress.com.br\/index.php\/wp-json\/wp\/v2\/media\/579"}],"wp:attachment":[{"href":"https:\/\/camisetasebrindesexpress.com.br\/index.php\/wp-json\/wp\/v2\/media?parent=573"}],"wp:term":[{"taxonomy":"product_cat","embeddable":true,"href":"https:\/\/camisetasebrindesexpress.com.br\/index.php\/wp-json\/wp\/v2\/product_cat?post=573"},{"taxonomy":"product_tag","embeddable":true,"href":"https:\/\/camisetasebrindesexpress.com.br\/index.php\/wp-json\/wp\/v2\/product_tag?post=573"}],"curies":[{"name":"wp","href":"https:\/\/api.w.org\/{rel}","templated":true}]}}