{"id":560,"date":"2024-04-23T20:58:35","date_gmt":"2024-04-23T23:58:35","guid":{"rendered":"https:\/\/camisetasebrindesexpress.com.br\/?post_type=product&#038;p=560"},"modified":"2024-04-23T20:58:35","modified_gmt":"2024-04-23T23:58:35","slug":"97396-chion-caixa-de-som-com-microfone-em-abs","status":"publish","type":"product","link":"https:\/\/camisetasebrindesexpress.com.br\/index.php\/produto\/97396-chion-caixa-de-som-com-microfone-em-abs\/","title":{"rendered":"97396 CHION. Caixa de som com microfone em ABS"},"content":{"rendered":"<div class=\"texto\">Caixa de som com microfone em ABS, tecido em poli\u00e9ster e acabamento emborrachado. Transmiss\u00e3o sem fios BT v4.2, liga\u00e7\u00e3o stereo 3,5 mm e leitor de cart\u00f5es TF. Pot\u00eancia de 3W\/4\u03a9. Autonomia aproximada de 2h. Fun\u00e7\u00e3o para atender chamadas, controle de volume, conex\u00e3o \u00e0 playlist do dispositivo m\u00f3vel e r\u00e1dio FM. Incluso cabo USB para carregar. Fornecida em caixa presente. 140 x 80 x 45 mm | Caixa: 160 x 82 x 60 mm<\/div>\n<div class=\"icons\">\n<div class=\"icon\"><img decoding=\"async\" src=\"https:\/\/www.spotgifts.com.br\/fotos\/pictogramas\/bluetooth_369218040610cfa7d48af9.png\" alt=\"SPOT\" \/><\/div>\n<\/div>\n","protected":false},"excerpt":{"rendered":"<p>Caixa de som com microfone em ABS, tecido em poli\u00e9ster e acabamento emborrachado. Transmiss\u00e3o sem fios BT v4.2, liga\u00e7\u00e3o stereo 3,5 mm e leitor de cart\u00f5es TF. Pot\u00eancia de 3W\/4\u03a9. Autonomia aproximada de 2h. Fun\u00e7\u00e3o para atender chamadas, controle de volume, conex\u00e3o \u00e0 playlist do dispositivo m\u00f3vel e r\u00e1dio FM. Incluso cabo USB para carregar. [&hellip;]<\/p>\n","protected":false},"featured_media":564,"comment_status":"open","ping_status":"closed","template":"","meta":{"_joinchat":[]},"product_cat":[17],"product_tag":[],"_links":{"self":[{"href":"https:\/\/camisetasebrindesexpress.com.br\/index.php\/wp-json\/wp\/v2\/product\/560"}],"collection":[{"href":"https:\/\/camisetasebrindesexpress.com.br\/index.php\/wp-json\/wp\/v2\/product"}],"about":[{"href":"https:\/\/camisetasebrindesexpress.com.br\/index.php\/wp-json\/wp\/v2\/types\/product"}],"replies":[{"embeddable":true,"href":"https:\/\/camisetasebrindesexpress.com.br\/index.php\/wp-json\/wp\/v2\/comments?post=560"}],"wp:featuredmedia":[{"embeddable":true,"href":"https:\/\/camisetasebrindesexpress.com.br\/index.php\/wp-json\/wp\/v2\/media\/564"}],"wp:attachment":[{"href":"https:\/\/camisetasebrindesexpress.com.br\/index.php\/wp-json\/wp\/v2\/media?parent=560"}],"wp:term":[{"taxonomy":"product_cat","embeddable":true,"href":"https:\/\/camisetasebrindesexpress.com.br\/index.php\/wp-json\/wp\/v2\/product_cat?post=560"},{"taxonomy":"product_tag","embeddable":true,"href":"https:\/\/camisetasebrindesexpress.com.br\/index.php\/wp-json\/wp\/v2\/product_tag?post=560"}],"curies":[{"name":"wp","href":"https:\/\/api.w.org\/{rel}","templated":true}]}}