{"id":556,"date":"2024-04-23T20:46:04","date_gmt":"2024-04-23T23:46:04","guid":{"rendered":"https:\/\/camisetasebrindesexpress.com.br\/?post_type=product&#038;p=556"},"modified":"2024-04-23T20:46:04","modified_gmt":"2024-04-23T23:46:04","slug":"57933-grubbs-bk-caixa-de-som-portatil-em-abs","status":"publish","type":"product","link":"https:\/\/camisetasebrindesexpress.com.br\/index.php\/produto\/57933-grubbs-bk-caixa-de-som-portatil-em-abs\/","title":{"rendered":"57933 GRUBBS BK. Caixa de som port\u00e1til em ABS"},"content":{"rendered":"<div class=\"texto\">Caixa de som port\u00e1til em ABS com acabamento em borracha e tecido na parte frontal. De design sofisticado, esta caixa de som tem autonomia aproximada de 2 horas, com transmiss\u00e3o sem fios BT v5.0 e pot\u00eancia de 3W. Adicionalmente tem tamb\u00e9m a funcionalidade de carregador wireless, com uma pot\u00eancia de 5 W, com entrada 5V\/2A e bateria de 300 mAh. Incluso cabo de carregamento micro USB. Fornecida em caixa presente. 108 x 56 x 54 mm<\/div>\n<div class=\"icons\">\n<div class=\"icon\"><img decoding=\"async\" src=\"https:\/\/www.spotgifts.com.br\/fotos\/pictogramas\/bluetooth_369218040610cfa7d48af9.png\" alt=\"SPOT\" \/><\/div>\n<\/div>\n","protected":false},"excerpt":{"rendered":"<p>Caixa de som port\u00e1til em ABS com acabamento em borracha e tecido na parte frontal. De design sofisticado, esta caixa de som tem autonomia aproximada de 2 horas, com transmiss\u00e3o sem fios BT v5.0 e pot\u00eancia de 3W. Adicionalmente tem tamb\u00e9m a funcionalidade de carregador wireless, com uma pot\u00eancia de 5 W, com entrada 5V\/2A [&hellip;]<\/p>\n","protected":false},"featured_media":559,"comment_status":"open","ping_status":"closed","template":"","meta":{"_joinchat":[]},"product_cat":[17],"product_tag":[],"_links":{"self":[{"href":"https:\/\/camisetasebrindesexpress.com.br\/index.php\/wp-json\/wp\/v2\/product\/556"}],"collection":[{"href":"https:\/\/camisetasebrindesexpress.com.br\/index.php\/wp-json\/wp\/v2\/product"}],"about":[{"href":"https:\/\/camisetasebrindesexpress.com.br\/index.php\/wp-json\/wp\/v2\/types\/product"}],"replies":[{"embeddable":true,"href":"https:\/\/camisetasebrindesexpress.com.br\/index.php\/wp-json\/wp\/v2\/comments?post=556"}],"wp:featuredmedia":[{"embeddable":true,"href":"https:\/\/camisetasebrindesexpress.com.br\/index.php\/wp-json\/wp\/v2\/media\/559"}],"wp:attachment":[{"href":"https:\/\/camisetasebrindesexpress.com.br\/index.php\/wp-json\/wp\/v2\/media?parent=556"}],"wp:term":[{"taxonomy":"product_cat","embeddable":true,"href":"https:\/\/camisetasebrindesexpress.com.br\/index.php\/wp-json\/wp\/v2\/product_cat?post=556"},{"taxonomy":"product_tag","embeddable":true,"href":"https:\/\/camisetasebrindesexpress.com.br\/index.php\/wp-json\/wp\/v2\/product_tag?post=556"}],"curies":[{"name":"wp","href":"https:\/\/api.w.org\/{rel}","templated":true}]}}