{"id":537,"date":"2024-04-23T20:39:03","date_gmt":"2024-04-23T23:39:03","guid":{"rendered":"https:\/\/camisetasebrindesexpress.com.br\/?post_type=product&#038;p=537"},"modified":"2024-04-23T20:39:03","modified_gmt":"2024-04-23T23:39:03","slug":"57934-rubin-fones-de-ouvido-wireless-em-abs","status":"publish","type":"product","link":"https:\/\/camisetasebrindesexpress.com.br\/index.php\/produto\/57934-rubin-fones-de-ouvido-wireless-em-abs\/","title":{"rendered":"57934 RUBIN. Fones de ouvido wireless em ABS"},"content":{"rendered":"<div class=\"texto\">Fone de ouvido wireless stereo em ABS com transmiss\u00e3o sem fios BT v5.0 e autonomia aproximada de 3 horas. O estojo de carregamento, com uma bateria 250 mAh, \u00e9 tamb\u00e9m em ABS e cont\u00e9m uma presilha em silicone que permite transportar e carregar os fones de forma f\u00e1cil e c\u00f3moda. Produto com cabo de carregamento micro USB incluso. Fornecido em caixa de oferta. 77 x 36 x 30 mm<\/div>\n<div class=\"icons\">\n<div class=\"icon\"><img decoding=\"async\" src=\"https:\/\/www.spotgifts.com.br\/fotos\/pictogramas\/bluetooth_369218040610cfa7d48af9.png\" alt=\"SPOT\" \/><\/div>\n<\/div>\n","protected":false},"excerpt":{"rendered":"<p>Fone de ouvido wireless stereo em ABS com transmiss\u00e3o sem fios BT v5.0 e autonomia aproximada de 3 horas. O estojo de carregamento, com uma bateria 250 mAh, \u00e9 tamb\u00e9m em ABS e cont\u00e9m uma presilha em silicone que permite transportar e carregar os fones de forma f\u00e1cil e c\u00f3moda. Produto com cabo de carregamento [&hellip;]<\/p>\n","protected":false},"featured_media":544,"comment_status":"open","ping_status":"closed","template":"","meta":{"_joinchat":[]},"product_cat":[17],"product_tag":[],"_links":{"self":[{"href":"https:\/\/camisetasebrindesexpress.com.br\/index.php\/wp-json\/wp\/v2\/product\/537"}],"collection":[{"href":"https:\/\/camisetasebrindesexpress.com.br\/index.php\/wp-json\/wp\/v2\/product"}],"about":[{"href":"https:\/\/camisetasebrindesexpress.com.br\/index.php\/wp-json\/wp\/v2\/types\/product"}],"replies":[{"embeddable":true,"href":"https:\/\/camisetasebrindesexpress.com.br\/index.php\/wp-json\/wp\/v2\/comments?post=537"}],"wp:featuredmedia":[{"embeddable":true,"href":"https:\/\/camisetasebrindesexpress.com.br\/index.php\/wp-json\/wp\/v2\/media\/544"}],"wp:attachment":[{"href":"https:\/\/camisetasebrindesexpress.com.br\/index.php\/wp-json\/wp\/v2\/media?parent=537"}],"wp:term":[{"taxonomy":"product_cat","embeddable":true,"href":"https:\/\/camisetasebrindesexpress.com.br\/index.php\/wp-json\/wp\/v2\/product_cat?post=537"},{"taxonomy":"product_tag","embeddable":true,"href":"https:\/\/camisetasebrindesexpress.com.br\/index.php\/wp-json\/wp\/v2\/product_tag?post=537"}],"curies":[{"name":"wp","href":"https:\/\/api.w.org\/{rel}","templated":true}]}}