{"id":529,"date":"2024-04-23T20:37:05","date_gmt":"2024-04-23T23:37:05","guid":{"rendered":"https:\/\/camisetasebrindesexpress.com.br\/?post_type=product&#038;p=529"},"modified":"2024-04-23T20:37:05","modified_gmt":"2024-04-23T23:37:05","slug":"97085-klebs-fone-de-ouvido-wireless-em-abs","status":"publish","type":"product","link":"https:\/\/camisetasebrindesexpress.com.br\/index.php\/produto\/97085-klebs-fone-de-ouvido-wireless-em-abs\/","title":{"rendered":"97085 KLEBS. Fone de ouvido wireless em ABS"},"content":{"rendered":"<div class=\"texto\">Fone de ouvido True Wireless em ABS com microfone e caixa de carregamento de 250mah. Transmiss\u00e3o sem fios BT v5.1, autonomia aproximada de 1.5h, frequ\u00eancia 20Hz-20KHz, 98 dB e imped\u00e2ncia de 32\u03a9. Cada fone tem um bot\u00e3o multifun\u00e7\u00f5es e a caixa tem uma porta micro USB para ser carregada. Fornecidos em caixa. Auricular: 47 x 19 x 8 mm | Caixa: 55 x 64 x 26 mm<\/div>\n<div class=\"icons\">\n<div class=\"icon\"><img decoding=\"async\" src=\"https:\/\/www.spotgifts.com.br\/fotos\/pictogramas\/bluetooth_369218040610cfa7d48af9.png\" alt=\"SPOT\" \/><\/div>\n<\/div>\n","protected":false},"excerpt":{"rendered":"<p>Fone de ouvido True Wireless em ABS com microfone e caixa de carregamento de 250mah. Transmiss\u00e3o sem fios BT v5.1, autonomia aproximada de 1.5h, frequ\u00eancia 20Hz-20KHz, 98 dB e imped\u00e2ncia de 32\u03a9. Cada fone tem um bot\u00e3o multifun\u00e7\u00f5es e a caixa tem uma porta micro USB para ser carregada. Fornecidos em caixa. Auricular: 47 x [&hellip;]<\/p>\n","protected":false},"featured_media":536,"comment_status":"open","ping_status":"closed","template":"","meta":{"_joinchat":[]},"product_cat":[17],"product_tag":[],"_links":{"self":[{"href":"https:\/\/camisetasebrindesexpress.com.br\/index.php\/wp-json\/wp\/v2\/product\/529"}],"collection":[{"href":"https:\/\/camisetasebrindesexpress.com.br\/index.php\/wp-json\/wp\/v2\/product"}],"about":[{"href":"https:\/\/camisetasebrindesexpress.com.br\/index.php\/wp-json\/wp\/v2\/types\/product"}],"replies":[{"embeddable":true,"href":"https:\/\/camisetasebrindesexpress.com.br\/index.php\/wp-json\/wp\/v2\/comments?post=529"}],"wp:featuredmedia":[{"embeddable":true,"href":"https:\/\/camisetasebrindesexpress.com.br\/index.php\/wp-json\/wp\/v2\/media\/536"}],"wp:attachment":[{"href":"https:\/\/camisetasebrindesexpress.com.br\/index.php\/wp-json\/wp\/v2\/media?parent=529"}],"wp:term":[{"taxonomy":"product_cat","embeddable":true,"href":"https:\/\/camisetasebrindesexpress.com.br\/index.php\/wp-json\/wp\/v2\/product_cat?post=529"},{"taxonomy":"product_tag","embeddable":true,"href":"https:\/\/camisetasebrindesexpress.com.br\/index.php\/wp-json\/wp\/v2\/product_tag?post=529"}],"curies":[{"name":"wp","href":"https:\/\/api.w.org\/{rel}","templated":true}]}}