{"id":505,"date":"2024-04-23T20:23:35","date_gmt":"2024-04-23T23:23:35","guid":{"rendered":"https:\/\/camisetasebrindesexpress.com.br\/?post_type=product&#038;p=505"},"modified":"2024-04-23T20:23:35","modified_gmt":"2024-04-23T23:23:35","slug":"97341-wilkins-fone-de-ouvido-desportivos-em-abs-e-silicone","status":"publish","type":"product","link":"https:\/\/camisetasebrindesexpress.com.br\/index.php\/produto\/97341-wilkins-fone-de-ouvido-desportivos-em-abs-e-silicone\/","title":{"rendered":"97341 WILKINS. Fone de ouvido desportivos em ABS e silicone"},"content":{"rendered":"<div class=\"texto\">Fone de ouvido desportivo em ABS e silicone com transmiss\u00e3o sem fios BT v4.0. Autonomia aproximada de 3 h. Fun\u00e7\u00e3o para atender chamadas e conex\u00e3o \u00e0 playlist do dispositivo m\u00f3vel. Incluso cabo micro USB para carregar. Fornecido com bolsa em non-woven. 150 x 135 x 50 mm<\/div>\n<div class=\"icons\">\n<div class=\"icon\"><img decoding=\"async\" src=\"https:\/\/www.spotgifts.com.br\/fotos\/pictogramas\/bluetooth_369218040610cfa7d48af9.png\" alt=\"SPOT\" \/><\/div>\n<\/div>\n","protected":false},"excerpt":{"rendered":"<p>Fone de ouvido desportivo em ABS e silicone com transmiss\u00e3o sem fios BT v4.0. Autonomia aproximada de 3 h. Fun\u00e7\u00e3o para atender chamadas e conex\u00e3o \u00e0 playlist do dispositivo m\u00f3vel. Incluso cabo micro USB para carregar. Fornecido com bolsa em non-woven. 150 x 135 x 50 mm<\/p>\n","protected":false},"featured_media":509,"comment_status":"open","ping_status":"closed","template":"","meta":{"_joinchat":[]},"product_cat":[17],"product_tag":[],"_links":{"self":[{"href":"https:\/\/camisetasebrindesexpress.com.br\/index.php\/wp-json\/wp\/v2\/product\/505"}],"collection":[{"href":"https:\/\/camisetasebrindesexpress.com.br\/index.php\/wp-json\/wp\/v2\/product"}],"about":[{"href":"https:\/\/camisetasebrindesexpress.com.br\/index.php\/wp-json\/wp\/v2\/types\/product"}],"replies":[{"embeddable":true,"href":"https:\/\/camisetasebrindesexpress.com.br\/index.php\/wp-json\/wp\/v2\/comments?post=505"}],"wp:featuredmedia":[{"embeddable":true,"href":"https:\/\/camisetasebrindesexpress.com.br\/index.php\/wp-json\/wp\/v2\/media\/509"}],"wp:attachment":[{"href":"https:\/\/camisetasebrindesexpress.com.br\/index.php\/wp-json\/wp\/v2\/media?parent=505"}],"wp:term":[{"taxonomy":"product_cat","embeddable":true,"href":"https:\/\/camisetasebrindesexpress.com.br\/index.php\/wp-json\/wp\/v2\/product_cat?post=505"},{"taxonomy":"product_tag","embeddable":true,"href":"https:\/\/camisetasebrindesexpress.com.br\/index.php\/wp-json\/wp\/v2\/product_tag?post=505"}],"curies":[{"name":"wp","href":"https:\/\/api.w.org\/{rel}","templated":true}]}}