{"id":494,"date":"2024-04-23T20:16:49","date_gmt":"2024-04-23T23:16:49","guid":{"rendered":"https:\/\/camisetasebrindesexpress.com.br\/?post_type=product&#038;p=494"},"modified":"2024-04-23T20:16:49","modified_gmt":"2024-04-23T23:16:49","slug":"57355-edwin-bk-fone-de-ouvido-ajustaveis-em-abs-com-microfone","status":"publish","type":"product","link":"https:\/\/camisetasebrindesexpress.com.br\/index.php\/produto\/57355-edwin-bk-fone-de-ouvido-ajustaveis-em-abs-com-microfone\/","title":{"rendered":"57355 EDWIN BK. Fone de ouvido ajust\u00e1veis em ABS com microfone"},"content":{"rendered":"<div class=\"texto\">Fone de ouvido ajust\u00e1veis em ABS, com acabamento emborrachado e transmiss\u00e3o sem fios BT v4.1. Autonomia aproximada de 5 h. Fun\u00e7\u00e3o para atender chamadas, controle de volume e conex\u00e3o \u00e0 playlist do dispositivo m\u00f3vel. Permite emparelhamento com 2 dispositivos m\u00f3veis em simult\u00e2neo. Incluso cabo USB \/ micro USB para carregar. Fornecido em caixa presente. 157 x 165 x 42 mm | Caixa: 161 x 200 x 55 mm<\/div>\n<div class=\"icons\">\n<div class=\"icon\"><img decoding=\"async\" src=\"https:\/\/www.spotgifts.com.br\/fotos\/pictogramas\/bluetooth_369218040610cfa7d48af9.png\" alt=\"SPOT\" \/><\/div>\n<\/div>\n","protected":false},"excerpt":{"rendered":"<p>Fone de ouvido ajust\u00e1veis em ABS, com acabamento emborrachado e transmiss\u00e3o sem fios BT v4.1. Autonomia aproximada de 5 h. Fun\u00e7\u00e3o para atender chamadas, controle de volume e conex\u00e3o \u00e0 playlist do dispositivo m\u00f3vel. Permite emparelhamento com 2 dispositivos m\u00f3veis em simult\u00e2neo. Incluso cabo USB \/ micro USB para carregar. Fornecido em caixa presente. 157 [&hellip;]<\/p>\n","protected":false},"featured_media":498,"comment_status":"open","ping_status":"closed","template":"","meta":{"_joinchat":[]},"product_cat":[17],"product_tag":[],"_links":{"self":[{"href":"https:\/\/camisetasebrindesexpress.com.br\/index.php\/wp-json\/wp\/v2\/product\/494"}],"collection":[{"href":"https:\/\/camisetasebrindesexpress.com.br\/index.php\/wp-json\/wp\/v2\/product"}],"about":[{"href":"https:\/\/camisetasebrindesexpress.com.br\/index.php\/wp-json\/wp\/v2\/types\/product"}],"replies":[{"embeddable":true,"href":"https:\/\/camisetasebrindesexpress.com.br\/index.php\/wp-json\/wp\/v2\/comments?post=494"}],"wp:featuredmedia":[{"embeddable":true,"href":"https:\/\/camisetasebrindesexpress.com.br\/index.php\/wp-json\/wp\/v2\/media\/498"}],"wp:attachment":[{"href":"https:\/\/camisetasebrindesexpress.com.br\/index.php\/wp-json\/wp\/v2\/media?parent=494"}],"wp:term":[{"taxonomy":"product_cat","embeddable":true,"href":"https:\/\/camisetasebrindesexpress.com.br\/index.php\/wp-json\/wp\/v2\/product_cat?post=494"},{"taxonomy":"product_tag","embeddable":true,"href":"https:\/\/camisetasebrindesexpress.com.br\/index.php\/wp-json\/wp\/v2\/product_tag?post=494"}],"curies":[{"name":"wp","href":"https:\/\/api.w.org\/{rel}","templated":true}]}}