{"id":483,"date":"2024-04-23T20:12:48","date_gmt":"2024-04-23T23:12:48","guid":{"rendered":"https:\/\/camisetasebrindesexpress.com.br\/?post_type=product&#038;p=483"},"modified":"2024-04-23T20:12:48","modified_gmt":"2024-04-23T23:12:48","slug":"57936-piyon-caixa-de-som-portatil","status":"publish","type":"product","link":"https:\/\/camisetasebrindesexpress.com.br\/index.php\/produto\/57936-piyon-caixa-de-som-portatil\/","title":{"rendered":"57936 PIYON. Caixa de som port\u00e1til"},"content":{"rendered":"<div class=\"texto\">Caixa de som port\u00e1til em fibra de palha de trigo e ABS com al\u00e7a em silicone para facilitar o transporte, pot\u00eancia de 3W e transmiss\u00e3o sem fios BT v5.0. Autonomia aproximada de 4h30, com uma bateria de 500 mAh. Incluso cabo micro USB. Fornecido em caixa presente de papel kraft. 70 x 70 x 34 mm<\/div>\n<div class=\"icons\">\n<div class=\"icon\"><img decoding=\"async\" src=\"https:\/\/www.spotgifts.com.br\/fotos\/pictogramas\/bluetooth_369218040610cfa7d48af9.png\" alt=\"SPOT\" \/><\/div>\n<\/div>\n","protected":false},"excerpt":{"rendered":"<p>Caixa de som port\u00e1til em fibra de palha de trigo e ABS com al\u00e7a em silicone para facilitar o transporte, pot\u00eancia de 3W e transmiss\u00e3o sem fios BT v5.0. Autonomia aproximada de 4h30, com uma bateria de 500 mAh. Incluso cabo micro USB. Fornecido em caixa presente de papel kraft. 70 x 70 x 34 [&hellip;]<\/p>\n","protected":false},"featured_media":487,"comment_status":"open","ping_status":"closed","template":"","meta":{"_joinchat":[]},"product_cat":[17],"product_tag":[],"_links":{"self":[{"href":"https:\/\/camisetasebrindesexpress.com.br\/index.php\/wp-json\/wp\/v2\/product\/483"}],"collection":[{"href":"https:\/\/camisetasebrindesexpress.com.br\/index.php\/wp-json\/wp\/v2\/product"}],"about":[{"href":"https:\/\/camisetasebrindesexpress.com.br\/index.php\/wp-json\/wp\/v2\/types\/product"}],"replies":[{"embeddable":true,"href":"https:\/\/camisetasebrindesexpress.com.br\/index.php\/wp-json\/wp\/v2\/comments?post=483"}],"wp:featuredmedia":[{"embeddable":true,"href":"https:\/\/camisetasebrindesexpress.com.br\/index.php\/wp-json\/wp\/v2\/media\/487"}],"wp:attachment":[{"href":"https:\/\/camisetasebrindesexpress.com.br\/index.php\/wp-json\/wp\/v2\/media?parent=483"}],"wp:term":[{"taxonomy":"product_cat","embeddable":true,"href":"https:\/\/camisetasebrindesexpress.com.br\/index.php\/wp-json\/wp\/v2\/product_cat?post=483"},{"taxonomy":"product_tag","embeddable":true,"href":"https:\/\/camisetasebrindesexpress.com.br\/index.php\/wp-json\/wp\/v2\/product_tag?post=483"}],"curies":[{"name":"wp","href":"https:\/\/api.w.org\/{rel}","templated":true}]}}