{"id":476,"date":"2024-04-23T20:09:13","date_gmt":"2024-04-23T23:09:13","guid":{"rendered":"https:\/\/camisetasebrindesexpress.com.br\/?post_type=product&#038;p=476"},"modified":"2024-04-23T20:09:13","modified_gmt":"2024-04-23T23:09:13","slug":"57938-fourier-tw-fones-de-ouvido-true-wireless-m-fibra-de-palha-de-trigo-e-pp","status":"publish","type":"product","link":"https:\/\/camisetasebrindesexpress.com.br\/index.php\/produto\/57938-fourier-tw-fones-de-ouvido-true-wireless-m-fibra-de-palha-de-trigo-e-pp\/","title":{"rendered":"57938 FOURIER TW. Fones de ouvido True Wireless m fibra de palha de trigo e PP"},"content":{"rendered":"<div class=\"texto\">Fone de ouvido True Wireless em fibra de palha de trigo e PP, com transmiss\u00e3o sem fios BT v5.0 at\u00e9 10m de dist\u00e2ncia e autonomia aproximada de 3 horas (standby at\u00e9 10h). Cada fone tem um bot\u00e3o multifun\u00e7\u00f5es e microfone integrado, facilitando atender chamadas em modo m\u00e3os-livres, e indicador luminoso LED. O estojo de carregamento tem uma bateria de 300 mAh e indicador de status de carregamento e bateria. Incluso um cabo de carregamento micro USB. Fornecido em caixa presente de papel kraft. 80 x 38 x 32 mm<\/div>\n<div class=\"icons\">\n<div class=\"icon\"><img decoding=\"async\" src=\"https:\/\/www.spotgifts.com.br\/fotos\/pictogramas\/bluetooth_369218040610cfa7d48af9.png\" alt=\"SPOT\" \/><\/div>\n<\/div>\n","protected":false},"excerpt":{"rendered":"<p>Fone de ouvido True Wireless em fibra de palha de trigo e PP, com transmiss\u00e3o sem fios BT v5.0 at\u00e9 10m de dist\u00e2ncia e autonomia aproximada de 3 horas (standby at\u00e9 10h). Cada fone tem um bot\u00e3o multifun\u00e7\u00f5es e microfone integrado, facilitando atender chamadas em modo m\u00e3os-livres, e indicador luminoso LED. O estojo de carregamento [&hellip;]<\/p>\n","protected":false},"featured_media":482,"comment_status":"open","ping_status":"closed","template":"","meta":{"_joinchat":[]},"product_cat":[17],"product_tag":[],"_links":{"self":[{"href":"https:\/\/camisetasebrindesexpress.com.br\/index.php\/wp-json\/wp\/v2\/product\/476"}],"collection":[{"href":"https:\/\/camisetasebrindesexpress.com.br\/index.php\/wp-json\/wp\/v2\/product"}],"about":[{"href":"https:\/\/camisetasebrindesexpress.com.br\/index.php\/wp-json\/wp\/v2\/types\/product"}],"replies":[{"embeddable":true,"href":"https:\/\/camisetasebrindesexpress.com.br\/index.php\/wp-json\/wp\/v2\/comments?post=476"}],"wp:featuredmedia":[{"embeddable":true,"href":"https:\/\/camisetasebrindesexpress.com.br\/index.php\/wp-json\/wp\/v2\/media\/482"}],"wp:attachment":[{"href":"https:\/\/camisetasebrindesexpress.com.br\/index.php\/wp-json\/wp\/v2\/media?parent=476"}],"wp:term":[{"taxonomy":"product_cat","embeddable":true,"href":"https:\/\/camisetasebrindesexpress.com.br\/index.php\/wp-json\/wp\/v2\/product_cat?post=476"},{"taxonomy":"product_tag","embeddable":true,"href":"https:\/\/camisetasebrindesexpress.com.br\/index.php\/wp-json\/wp\/v2\/product_tag?post=476"}],"curies":[{"name":"wp","href":"https:\/\/api.w.org\/{rel}","templated":true}]}}