{"id":457,"date":"2024-04-23T19:58:38","date_gmt":"2024-04-23T22:58:38","guid":{"rendered":"https:\/\/camisetasebrindesexpress.com.br\/?post_type=product&#038;p=457"},"modified":"2024-04-23T19:58:38","modified_gmt":"2024-04-23T22:58:38","slug":"57929-cuvier-ii-carregador-wireless","status":"publish","type":"product","link":"https:\/\/camisetasebrindesexpress.com.br\/index.php\/produto\/57929-cuvier-ii-carregador-wireless\/","title":{"rendered":"57929 CUVIER II. Carregador wireless"},"content":{"rendered":"<div class=\"texto\">Carregador wireless em ABS e fibra de palha de trigo. A pot\u00eancia de carregamento \u00e9 de 15W, com entrada 5V\/2A. A base cont\u00e9m um c\u00edrculo em silicone para o equipamento n\u00e3o se mova enquanto carrega. Incluso cabo USB-A \/ USB-C de 1 m. Fornecido em caixa presente de papel kraft. \u00f870 x 10 mm<\/div>\n<div class=\"icons\">\n<div class=\"icon\"><img decoding=\"async\" src=\"https:\/\/www.spotgifts.com.br\/fotos\/pictogramas\/wireless_charger_1269274274649c0a4ff2616.png\" alt=\"SPOT\" \/><\/div>\n<\/div>\n","protected":false},"excerpt":{"rendered":"<p>Carregador wireless em ABS e fibra de palha de trigo. A pot\u00eancia de carregamento \u00e9 de 15W, com entrada 5V\/2A. A base cont\u00e9m um c\u00edrculo em silicone para o equipamento n\u00e3o se mova enquanto carrega. Incluso cabo USB-A \/ USB-C de 1 m. Fornecido em caixa presente de papel kraft. \u00f870 x 10 mm<\/p>\n","protected":false},"featured_media":461,"comment_status":"open","ping_status":"closed","template":"","meta":{"_joinchat":[]},"product_cat":[17],"product_tag":[],"_links":{"self":[{"href":"https:\/\/camisetasebrindesexpress.com.br\/index.php\/wp-json\/wp\/v2\/product\/457"}],"collection":[{"href":"https:\/\/camisetasebrindesexpress.com.br\/index.php\/wp-json\/wp\/v2\/product"}],"about":[{"href":"https:\/\/camisetasebrindesexpress.com.br\/index.php\/wp-json\/wp\/v2\/types\/product"}],"replies":[{"embeddable":true,"href":"https:\/\/camisetasebrindesexpress.com.br\/index.php\/wp-json\/wp\/v2\/comments?post=457"}],"wp:featuredmedia":[{"embeddable":true,"href":"https:\/\/camisetasebrindesexpress.com.br\/index.php\/wp-json\/wp\/v2\/media\/461"}],"wp:attachment":[{"href":"https:\/\/camisetasebrindesexpress.com.br\/index.php\/wp-json\/wp\/v2\/media?parent=457"}],"wp:term":[{"taxonomy":"product_cat","embeddable":true,"href":"https:\/\/camisetasebrindesexpress.com.br\/index.php\/wp-json\/wp\/v2\/product_cat?post=457"},{"taxonomy":"product_tag","embeddable":true,"href":"https:\/\/camisetasebrindesexpress.com.br\/index.php\/wp-json\/wp\/v2\/product_tag?post=457"}],"curies":[{"name":"wp","href":"https:\/\/api.w.org\/{rel}","templated":true}]}}