{"id":433,"date":"2024-04-23T19:50:00","date_gmt":"2024-04-23T22:50:00","guid":{"rendered":"https:\/\/camisetasebrindesexpress.com.br\/?post_type=product&#038;p=433"},"modified":"2024-04-23T19:50:00","modified_gmt":"2024-04-23T22:50:00","slug":"57940-leavitt-ii-carregador-wireless-em-bambu-10w","status":"publish","type":"product","link":"https:\/\/camisetasebrindesexpress.com.br\/index.php\/produto\/57940-leavitt-ii-carregador-wireless-em-bambu-10w\/","title":{"rendered":"57940 LEAVITT II. Carregador wireless em bambu 10W"},"content":{"rendered":"<div class=\"texto\">Carregador wireless de bobina dupla em bambu com suporte para esferogr\u00e1ficas. Pot\u00eancia de carregamento r\u00e1pida de 10W e com entradas 5V\/2A e 9V\/1.67A. Incluso cabo de carregamento USB tipo C de 1m. Fornecido em caixa presente de papel kraft. 77 x 71 x 118 mm<\/div>\n<div class=\"icons\">\n<div class=\"icon\"><img decoding=\"async\" src=\"https:\/\/www.spotgifts.com.br\/fotos\/pictogramas\/wireless_charger_1269274274649c0a4ff2616.png\" alt=\"SPOT\" \/><\/div>\n<\/div>\n","protected":false},"excerpt":{"rendered":"<p>Carregador wireless de bobina dupla em bambu com suporte para esferogr\u00e1ficas. Pot\u00eancia de carregamento r\u00e1pida de 10W e com entradas 5V\/2A e 9V\/1.67A. Incluso cabo de carregamento USB tipo C de 1m. Fornecido em caixa presente de papel kraft. 77 x 71 x 118 mm<\/p>\n","protected":false},"featured_media":438,"comment_status":"open","ping_status":"closed","template":"","meta":{"_joinchat":[]},"product_cat":[17],"product_tag":[],"_links":{"self":[{"href":"https:\/\/camisetasebrindesexpress.com.br\/index.php\/wp-json\/wp\/v2\/product\/433"}],"collection":[{"href":"https:\/\/camisetasebrindesexpress.com.br\/index.php\/wp-json\/wp\/v2\/product"}],"about":[{"href":"https:\/\/camisetasebrindesexpress.com.br\/index.php\/wp-json\/wp\/v2\/types\/product"}],"replies":[{"embeddable":true,"href":"https:\/\/camisetasebrindesexpress.com.br\/index.php\/wp-json\/wp\/v2\/comments?post=433"}],"wp:featuredmedia":[{"embeddable":true,"href":"https:\/\/camisetasebrindesexpress.com.br\/index.php\/wp-json\/wp\/v2\/media\/438"}],"wp:attachment":[{"href":"https:\/\/camisetasebrindesexpress.com.br\/index.php\/wp-json\/wp\/v2\/media?parent=433"}],"wp:term":[{"taxonomy":"product_cat","embeddable":true,"href":"https:\/\/camisetasebrindesexpress.com.br\/index.php\/wp-json\/wp\/v2\/product_cat?post=433"},{"taxonomy":"product_tag","embeddable":true,"href":"https:\/\/camisetasebrindesexpress.com.br\/index.php\/wp-json\/wp\/v2\/product_tag?post=433"}],"curies":[{"name":"wp","href":"https:\/\/api.w.org\/{rel}","templated":true}]}}