{"id":396,"date":"2024-04-23T19:29:27","date_gmt":"2024-04-23T22:29:27","guid":{"rendered":"https:\/\/camisetasebrindesexpress.com.br\/?post_type=product&#038;p=396"},"modified":"2024-04-23T19:29:27","modified_gmt":"2024-04-23T22:29:27","slug":"97128-daimler-carregador-portatil-em-bambu-15-w","status":"publish","type":"product","link":"https:\/\/camisetasebrindesexpress.com.br\/index.php\/produto\/97128-daimler-carregador-portatil-em-bambu-15-w\/","title":{"rendered":"97128 DAIMLER. Carregador port\u00e1til em bambu 15 W"},"content":{"rendered":"<div class=\"texto\">Carregador magn\u00e9tico wireless em bambu. Pot\u00eancia de carregamento r\u00e1pido de 15W. Incluso cabo de carregamento USB-C de 1 metro. Fornecido em caixa presente de papel kraft. \u00d859 x 8 mm<\/div>\n<div class=\"icons\">\n<div class=\"icon\"><img decoding=\"async\" src=\"https:\/\/www.spotgifts.com.br\/fotos\/pictogramas\/wireless_charger_1269274274649c0a4ff2616.png\" alt=\"SPOT\" \/><\/div>\n<\/div>\n","protected":false},"excerpt":{"rendered":"<p>Carregador magn\u00e9tico wireless em bambu. Pot\u00eancia de carregamento r\u00e1pido de 15W. Incluso cabo de carregamento USB-C de 1 metro. Fornecido em caixa presente de papel kraft. \u00d859 x 8 mm<\/p>\n","protected":false},"featured_media":401,"comment_status":"open","ping_status":"closed","template":"","meta":{"_joinchat":[]},"product_cat":[17],"product_tag":[],"_links":{"self":[{"href":"https:\/\/camisetasebrindesexpress.com.br\/index.php\/wp-json\/wp\/v2\/product\/396"}],"collection":[{"href":"https:\/\/camisetasebrindesexpress.com.br\/index.php\/wp-json\/wp\/v2\/product"}],"about":[{"href":"https:\/\/camisetasebrindesexpress.com.br\/index.php\/wp-json\/wp\/v2\/types\/product"}],"replies":[{"embeddable":true,"href":"https:\/\/camisetasebrindesexpress.com.br\/index.php\/wp-json\/wp\/v2\/comments?post=396"}],"wp:featuredmedia":[{"embeddable":true,"href":"https:\/\/camisetasebrindesexpress.com.br\/index.php\/wp-json\/wp\/v2\/media\/401"}],"wp:attachment":[{"href":"https:\/\/camisetasebrindesexpress.com.br\/index.php\/wp-json\/wp\/v2\/media?parent=396"}],"wp:term":[{"taxonomy":"product_cat","embeddable":true,"href":"https:\/\/camisetasebrindesexpress.com.br\/index.php\/wp-json\/wp\/v2\/product_cat?post=396"},{"taxonomy":"product_tag","embeddable":true,"href":"https:\/\/camisetasebrindesexpress.com.br\/index.php\/wp-json\/wp\/v2\/product_tag?post=396"}],"curies":[{"name":"wp","href":"https:\/\/api.w.org\/{rel}","templated":true}]}}