{"id":387,"date":"2024-04-23T19:25:02","date_gmt":"2024-04-23T22:25:02","guid":{"rendered":"https:\/\/camisetasebrindesexpress.com.br\/?post_type=product&#038;p=387"},"modified":"2024-04-23T19:25:03","modified_gmt":"2024-04-23T22:25:03","slug":"57909-fitch-eco-bateria-portatil-em-bambu-5-000-mah","status":"publish","type":"product","link":"https:\/\/camisetasebrindesexpress.com.br\/index.php\/produto\/57909-fitch-eco-bateria-portatil-em-bambu-5-000-mah\/","title":{"rendered":"57909 FITCH ECO. Bateria port\u00e1til em bambu 5.000 mAh"},"content":{"rendered":"<div class=\"texto\">Bateria port\u00e1til com carregador wireless em bambu. Bateria de l\u00edtio com capacidade de 5.000mAh e tempo de vida \u2265 500 ciclos. Cont\u00e9m entrada\/sa\u00edda de 5V\/2A, indicador de carga, 1 porta micro USB, 1 porta USB tipo C e 1 porta USB. Pot\u00eancia de sa\u00edda wireless, no m\u00e1ximo, de 15W. Incluso cabo USB \/ micro USB para carregar. Compat\u00edvel com smartphones com tecnologia de carregamento sem fios. Fornecido em caixa presente de papel kraft. 143 x 70 x 15 mm<\/div>\n<div class=\"icons\">\n<div class=\"icon\"><img decoding=\"async\" src=\"https:\/\/www.spotgifts.com.br\/fotos\/pictogramas\/wireless_charger_1269274274649c0a4ff2616.png\" alt=\"SPOT\" \/><\/div>\n<\/div>\n","protected":false},"excerpt":{"rendered":"<p>Bateria port\u00e1til com carregador wireless em bambu. Bateria de l\u00edtio com capacidade de 5.000mAh e tempo de vida \u2265 500 ciclos. Cont\u00e9m entrada\/sa\u00edda de 5V\/2A, indicador de carga, 1 porta micro USB, 1 porta USB tipo C e 1 porta USB. Pot\u00eancia de sa\u00edda wireless, no m\u00e1ximo, de 15W. Incluso cabo USB \/ micro USB [&hellip;]<\/p>\n","protected":false},"featured_media":391,"comment_status":"open","ping_status":"closed","template":"","meta":{"_joinchat":[]},"product_cat":[17],"product_tag":[],"_links":{"self":[{"href":"https:\/\/camisetasebrindesexpress.com.br\/index.php\/wp-json\/wp\/v2\/product\/387"}],"collection":[{"href":"https:\/\/camisetasebrindesexpress.com.br\/index.php\/wp-json\/wp\/v2\/product"}],"about":[{"href":"https:\/\/camisetasebrindesexpress.com.br\/index.php\/wp-json\/wp\/v2\/types\/product"}],"replies":[{"embeddable":true,"href":"https:\/\/camisetasebrindesexpress.com.br\/index.php\/wp-json\/wp\/v2\/comments?post=387"}],"wp:featuredmedia":[{"embeddable":true,"href":"https:\/\/camisetasebrindesexpress.com.br\/index.php\/wp-json\/wp\/v2\/media\/391"}],"wp:attachment":[{"href":"https:\/\/camisetasebrindesexpress.com.br\/index.php\/wp-json\/wp\/v2\/media?parent=387"}],"wp:term":[{"taxonomy":"product_cat","embeddable":true,"href":"https:\/\/camisetasebrindesexpress.com.br\/index.php\/wp-json\/wp\/v2\/product_cat?post=387"},{"taxonomy":"product_tag","embeddable":true,"href":"https:\/\/camisetasebrindesexpress.com.br\/index.php\/wp-json\/wp\/v2\/product_tag?post=387"}],"curies":[{"name":"wp","href":"https:\/\/api.w.org\/{rel}","templated":true}]}}