{"id":382,"date":"2024-04-23T19:20:28","date_gmt":"2024-04-23T22:20:28","guid":{"rendered":"https:\/\/camisetasebrindesexpress.com.br\/?post_type=product&#038;p=382"},"modified":"2024-04-23T19:20:28","modified_gmt":"2024-04-23T22:20:28","slug":"57911-mott-ii-organizador-de-secretaria-mesa","status":"publish","type":"product","link":"https:\/\/camisetasebrindesexpress.com.br\/index.php\/produto\/57911-mott-ii-organizador-de-secretaria-mesa\/","title":{"rendered":"57911 MOTT II. Organizador de secret\u00e1ria (mesa)"},"content":{"rendered":"<div class=\"texto\">Organizador de mesa em bambu e ABS. Incluso carregador wireless, hub USB e suporte para celular. Entrada 5V\/1.5A. Pot\u00eancia de sa\u00edda, no m\u00e1ximo, de 5W. 1 porta USB e 1 porta USB tipo C. Incluso cabo USB\/tipo C, de 90 cm, para carregar. Compat\u00edvel com smartphones com tecnologia de carregamento sem fios. Fornecido em caixa presente. 255 x 135 x 14 mm<\/div>\n<div class=\"icons\">\n<div class=\"icon\"><img decoding=\"async\" src=\"https:\/\/www.spotgifts.com.br\/fotos\/pictogramas\/wireless_charger_1269274274649c0a4ff2616.png\" alt=\"SPOT\" \/><\/div>\n<\/div>\n","protected":false},"excerpt":{"rendered":"<p>Organizador de mesa em bambu e ABS. Incluso carregador wireless, hub USB e suporte para celular. Entrada 5V\/1.5A. Pot\u00eancia de sa\u00edda, no m\u00e1ximo, de 5W. 1 porta USB e 1 porta USB tipo C. Incluso cabo USB\/tipo C, de 90 cm, para carregar. Compat\u00edvel com smartphones com tecnologia de carregamento sem fios. Fornecido em caixa [&hellip;]<\/p>\n","protected":false},"featured_media":386,"comment_status":"open","ping_status":"closed","template":"","meta":{"_joinchat":[]},"product_cat":[17],"product_tag":[],"_links":{"self":[{"href":"https:\/\/camisetasebrindesexpress.com.br\/index.php\/wp-json\/wp\/v2\/product\/382"}],"collection":[{"href":"https:\/\/camisetasebrindesexpress.com.br\/index.php\/wp-json\/wp\/v2\/product"}],"about":[{"href":"https:\/\/camisetasebrindesexpress.com.br\/index.php\/wp-json\/wp\/v2\/types\/product"}],"replies":[{"embeddable":true,"href":"https:\/\/camisetasebrindesexpress.com.br\/index.php\/wp-json\/wp\/v2\/comments?post=382"}],"wp:featuredmedia":[{"embeddable":true,"href":"https:\/\/camisetasebrindesexpress.com.br\/index.php\/wp-json\/wp\/v2\/media\/386"}],"wp:attachment":[{"href":"https:\/\/camisetasebrindesexpress.com.br\/index.php\/wp-json\/wp\/v2\/media?parent=382"}],"wp:term":[{"taxonomy":"product_cat","embeddable":true,"href":"https:\/\/camisetasebrindesexpress.com.br\/index.php\/wp-json\/wp\/v2\/product_cat?post=382"},{"taxonomy":"product_tag","embeddable":true,"href":"https:\/\/camisetasebrindesexpress.com.br\/index.php\/wp-json\/wp\/v2\/product_tag?post=382"}],"curies":[{"name":"wp","href":"https:\/\/api.w.org\/{rel}","templated":true}]}}