{"id":370,"date":"2024-04-23T17:48:44","date_gmt":"2024-04-23T20:48:44","guid":{"rendered":"https:\/\/camisetasebrindesexpress.com.br\/?post_type=product&#038;p=370"},"modified":"2024-04-23T17:48:44","modified_gmt":"2024-04-23T20:48:44","slug":"97098-mayer-caixa-de-som-portatil-em-25-rabs-e-bambu","status":"publish","type":"product","link":"https:\/\/camisetasebrindesexpress.com.br\/index.php\/produto\/97098-mayer-caixa-de-som-portatil-em-25-rabs-e-bambu\/","title":{"rendered":"97098 MAYER. Caixa de som port\u00e1til em 25% rABS e bambu"},"content":{"rendered":"<div class=\"texto\">Caixa de som port\u00e1til em ABS (25% rABS) e bambu. Com pot\u00eancia de 3W e transmiss\u00e3o sem fios BT v5.0 e fun\u00e7\u00e3o de r\u00e1dio. Autonomia aproximada de 4h com uma bateria de 500 mAh. Fornecido em caixa presente de papel kraft. 70 x 70 x 37 mm<\/div>\n<div class=\"icons\">\n<div class=\"icon\"><img decoding=\"async\" src=\"https:\/\/www.spotgifts.com.br\/fotos\/pictogramas\/bluetooth_369218040610cfa7d48af9.png\" alt=\"SPOT\" \/><\/div>\n<\/div>\n","protected":false},"excerpt":{"rendered":"<p>Caixa de som port\u00e1til em ABS (25% rABS) e bambu. Com pot\u00eancia de 3W e transmiss\u00e3o sem fios BT v5.0 e fun\u00e7\u00e3o de r\u00e1dio. Autonomia aproximada de 4h com uma bateria de 500 mAh. Fornecido em caixa presente de papel kraft. 70 x 70 x 37 mm<\/p>\n","protected":false},"featured_media":375,"comment_status":"open","ping_status":"closed","template":"","meta":{"_joinchat":[]},"product_cat":[17],"product_tag":[],"_links":{"self":[{"href":"https:\/\/camisetasebrindesexpress.com.br\/index.php\/wp-json\/wp\/v2\/product\/370"}],"collection":[{"href":"https:\/\/camisetasebrindesexpress.com.br\/index.php\/wp-json\/wp\/v2\/product"}],"about":[{"href":"https:\/\/camisetasebrindesexpress.com.br\/index.php\/wp-json\/wp\/v2\/types\/product"}],"replies":[{"embeddable":true,"href":"https:\/\/camisetasebrindesexpress.com.br\/index.php\/wp-json\/wp\/v2\/comments?post=370"}],"wp:featuredmedia":[{"embeddable":true,"href":"https:\/\/camisetasebrindesexpress.com.br\/index.php\/wp-json\/wp\/v2\/media\/375"}],"wp:attachment":[{"href":"https:\/\/camisetasebrindesexpress.com.br\/index.php\/wp-json\/wp\/v2\/media?parent=370"}],"wp:term":[{"taxonomy":"product_cat","embeddable":true,"href":"https:\/\/camisetasebrindesexpress.com.br\/index.php\/wp-json\/wp\/v2\/product_cat?post=370"},{"taxonomy":"product_tag","embeddable":true,"href":"https:\/\/camisetasebrindesexpress.com.br\/index.php\/wp-json\/wp\/v2\/product_tag?post=370"}],"curies":[{"name":"wp","href":"https:\/\/api.w.org\/{rel}","templated":true}]}}