{"id":353,"date":"2024-04-23T17:18:47","date_gmt":"2024-04-23T20:18:47","guid":{"rendered":"https:\/\/camisetasebrindesexpress.com.br\/?post_type=product&#038;p=353"},"modified":"2024-04-23T17:18:47","modified_gmt":"2024-04-23T20:18:47","slug":"97125-arber-caixa-de-som-portatil-em-bambu-e-abs","status":"publish","type":"product","link":"https:\/\/camisetasebrindesexpress.com.br\/index.php\/produto\/97125-arber-caixa-de-som-portatil-em-bambu-e-abs\/","title":{"rendered":"97125 ARBER. Caixa de som port\u00e1til em bambu e ABS"},"content":{"rendered":"<div class=\"texto\">Caixa de som em bambu e ABS. Possui transmiss\u00e3o sem fios BT v5.0 para se conectar ao seu dispositivo m\u00f3vel. Tem bateria com pot\u00eancia de 3W e capacidade at\u00e9 300 mAh que permite autonomia aproximada de 2 horas. Fornecido em caixa presente de papel kraft. \u00d874 x 42 mm<\/div>\n<div class=\"icons\">\n<div class=\"icon\"><img decoding=\"async\" src=\"https:\/\/www.spotgifts.com.br\/fotos\/pictogramas\/bluetooth_369218040610cfa7d48af9.png\" alt=\"SPOT\" \/><\/div>\n<\/div>\n","protected":false},"excerpt":{"rendered":"<p>Caixa de som em bambu e ABS. Possui transmiss\u00e3o sem fios BT v5.0 para se conectar ao seu dispositivo m\u00f3vel. Tem bateria com pot\u00eancia de 3W e capacidade at\u00e9 300 mAh que permite autonomia aproximada de 2 horas. Fornecido em caixa presente de papel kraft. \u00d874 x 42 mm<\/p>\n","protected":false},"featured_media":357,"comment_status":"open","ping_status":"closed","template":"","meta":{"_joinchat":[]},"product_cat":[17],"product_tag":[],"_links":{"self":[{"href":"https:\/\/camisetasebrindesexpress.com.br\/index.php\/wp-json\/wp\/v2\/product\/353"}],"collection":[{"href":"https:\/\/camisetasebrindesexpress.com.br\/index.php\/wp-json\/wp\/v2\/product"}],"about":[{"href":"https:\/\/camisetasebrindesexpress.com.br\/index.php\/wp-json\/wp\/v2\/types\/product"}],"replies":[{"embeddable":true,"href":"https:\/\/camisetasebrindesexpress.com.br\/index.php\/wp-json\/wp\/v2\/comments?post=353"}],"wp:featuredmedia":[{"embeddable":true,"href":"https:\/\/camisetasebrindesexpress.com.br\/index.php\/wp-json\/wp\/v2\/media\/357"}],"wp:attachment":[{"href":"https:\/\/camisetasebrindesexpress.com.br\/index.php\/wp-json\/wp\/v2\/media?parent=353"}],"wp:term":[{"taxonomy":"product_cat","embeddable":true,"href":"https:\/\/camisetasebrindesexpress.com.br\/index.php\/wp-json\/wp\/v2\/product_cat?post=353"},{"taxonomy":"product_tag","embeddable":true,"href":"https:\/\/camisetasebrindesexpress.com.br\/index.php\/wp-json\/wp\/v2\/product_tag?post=353"}],"curies":[{"name":"wp","href":"https:\/\/api.w.org\/{rel}","templated":true}]}}