{"id":342,"date":"2024-04-23T17:14:08","date_gmt":"2024-04-23T20:14:08","guid":{"rendered":"https:\/\/camisetasebrindesexpress.com.br\/?post_type=product&#038;p=342"},"modified":"2024-04-23T17:14:08","modified_gmt":"2024-04-23T20:14:08","slug":"97920-magnet-carregador-wireless","status":"publish","type":"product","link":"https:\/\/camisetasebrindesexpress.com.br\/index.php\/produto\/97920-magnet-carregador-wireless\/","title":{"rendered":"97920 MAGNET. Carregador wireless"},"content":{"rendered":"<div class=\"texto\">O MAGNET \u00e9 um carregador wireless robusto, de design moderno em zinco e acr\u00edlico. Este carregador \u00e9 compat\u00edvel com smartphones que t\u00eam tecnologia de carregamentos sem fios, ideal para usar comodamente em casa ou no escrit\u00f3rio. Incluso indicador de carga LED e tem uma pot\u00eancia de carregamento m\u00e1xima de 10W. Com cabo USB-C de 1 metro incluso. Fornecido em caixa presente. 108 x 96 x 15 mm | Caixa: 157 x 179 x 34 mm<\/div>\n<div class=\"icons\">\n<div class=\"icon\"><img decoding=\"async\" src=\"https:\/\/www.spotgifts.com.br\/fotos\/pictogramas\/led_459324091610cfcce3d233.png\" alt=\"SPOT\" \/><\/div>\n<\/div>\n","protected":false},"excerpt":{"rendered":"<p>O MAGNET \u00e9 um carregador wireless robusto, de design moderno em zinco e acr\u00edlico. Este carregador \u00e9 compat\u00edvel com smartphones que t\u00eam tecnologia de carregamentos sem fios, ideal para usar comodamente em casa ou no escrit\u00f3rio. Incluso indicador de carga LED e tem uma pot\u00eancia de carregamento m\u00e1xima de 10W. Com cabo USB-C de 1 [&hellip;]<\/p>\n","protected":false},"featured_media":344,"comment_status":"open","ping_status":"closed","template":"","meta":{"_joinchat":[]},"product_cat":[17],"product_tag":[],"_links":{"self":[{"href":"https:\/\/camisetasebrindesexpress.com.br\/index.php\/wp-json\/wp\/v2\/product\/342"}],"collection":[{"href":"https:\/\/camisetasebrindesexpress.com.br\/index.php\/wp-json\/wp\/v2\/product"}],"about":[{"href":"https:\/\/camisetasebrindesexpress.com.br\/index.php\/wp-json\/wp\/v2\/types\/product"}],"replies":[{"embeddable":true,"href":"https:\/\/camisetasebrindesexpress.com.br\/index.php\/wp-json\/wp\/v2\/comments?post=342"}],"wp:featuredmedia":[{"embeddable":true,"href":"https:\/\/camisetasebrindesexpress.com.br\/index.php\/wp-json\/wp\/v2\/media\/344"}],"wp:attachment":[{"href":"https:\/\/camisetasebrindesexpress.com.br\/index.php\/wp-json\/wp\/v2\/media?parent=342"}],"wp:term":[{"taxonomy":"product_cat","embeddable":true,"href":"https:\/\/camisetasebrindesexpress.com.br\/index.php\/wp-json\/wp\/v2\/product_cat?post=342"},{"taxonomy":"product_tag","embeddable":true,"href":"https:\/\/camisetasebrindesexpress.com.br\/index.php\/wp-json\/wp\/v2\/product_tag?post=342"}],"curies":[{"name":"wp","href":"https:\/\/api.w.org\/{rel}","templated":true}]}}