{"id":335,"date":"2024-04-23T17:11:09","date_gmt":"2024-04-23T20:11:09","guid":{"rendered":"https:\/\/camisetasebrindesexpress.com.br\/?post_type=product&#038;p=335"},"modified":"2024-04-23T17:12:17","modified_gmt":"2024-04-23T20:12:17","slug":"97258-thunder-coluna","status":"publish","type":"product","link":"https:\/\/camisetasebrindesexpress.com.br\/index.php\/produto\/97258-thunder-coluna\/","title":{"rendered":"97258 THUNDER. Coluna"},"content":{"rendered":"<p>&nbsp;<\/p>\n<div class=\"texto\">A THUNDER \u00e9 uma caixa de som com microfone em tecido texturado e ABS de design elegante e acabamentos detalhados. Com transmiss\u00e3o BT v5.0 e alcance at\u00e9 10 m, \u00e9 um objeto que se enquadra na perfei\u00e7\u00e3o num ambiente elegante e sofisticado. A THUNDER tem uma capacidade de 1 200 mAh, pot\u00eancia de 2x3W (3\u03a9) e autonomia aproximada de 5h. A frequ\u00eancia \u00e9 de 150-180kHz. Cont\u00e9m entrada AUX para Jack 3,5mm. Fornecida em caixa presente. 73 x 196 x 54 mm | Caixa: 275 x 123 x 74 mm<\/div>\n<div class=\"extra\">\n<div class=\"info\"><\/div>\n<\/div>\n<div class=\"tag catalogo\"><\/div>\n<p>&nbsp;<\/p>\n","protected":false},"excerpt":{"rendered":"<p>&nbsp; A THUNDER \u00e9 uma caixa de som com microfone em tecido texturado e ABS de design elegante e acabamentos detalhados. Com transmiss\u00e3o BT v5.0 e alcance at\u00e9 10 m, \u00e9 um objeto que se enquadra na perfei\u00e7\u00e3o num ambiente elegante e sofisticado. A THUNDER tem uma capacidade de 1 200 mAh, pot\u00eancia de 2x3W [&hellip;]<\/p>\n","protected":false},"featured_media":341,"comment_status":"open","ping_status":"closed","template":"","meta":{"_joinchat":[]},"product_cat":[17],"product_tag":[],"_links":{"self":[{"href":"https:\/\/camisetasebrindesexpress.com.br\/index.php\/wp-json\/wp\/v2\/product\/335"}],"collection":[{"href":"https:\/\/camisetasebrindesexpress.com.br\/index.php\/wp-json\/wp\/v2\/product"}],"about":[{"href":"https:\/\/camisetasebrindesexpress.com.br\/index.php\/wp-json\/wp\/v2\/types\/product"}],"replies":[{"embeddable":true,"href":"https:\/\/camisetasebrindesexpress.com.br\/index.php\/wp-json\/wp\/v2\/comments?post=335"}],"wp:featuredmedia":[{"embeddable":true,"href":"https:\/\/camisetasebrindesexpress.com.br\/index.php\/wp-json\/wp\/v2\/media\/341"}],"wp:attachment":[{"href":"https:\/\/camisetasebrindesexpress.com.br\/index.php\/wp-json\/wp\/v2\/media?parent=335"}],"wp:term":[{"taxonomy":"product_cat","embeddable":true,"href":"https:\/\/camisetasebrindesexpress.com.br\/index.php\/wp-json\/wp\/v2\/product_cat?post=335"},{"taxonomy":"product_tag","embeddable":true,"href":"https:\/\/camisetasebrindesexpress.com.br\/index.php\/wp-json\/wp\/v2\/product_tag?post=335"}],"curies":[{"name":"wp","href":"https:\/\/api.w.org\/{rel}","templated":true}]}}