{"id":3325,"date":"2024-05-26T16:22:06","date_gmt":"2024-05-26T19:22:06","guid":{"rendered":"https:\/\/camisetasebrindesexpress.com.br\/?post_type=product&#038;p=3325"},"modified":"2024-05-26T16:22:06","modified_gmt":"2024-05-26T19:22:06","slug":"99143-nicholas-guarda-chuva-em-poe-com-abertura-automatica","status":"publish","type":"product","link":"https:\/\/camisetasebrindesexpress.com.br\/index.php\/produto\/99143-nicholas-guarda-chuva-em-poe-com-abertura-automatica\/","title":{"rendered":"99143 NICHOLAS. Guarda-chuva em POE com abertura autom\u00e1tica"},"content":{"rendered":"<p>Guarda-chuva transparente em POE com abertura autom\u00e1tica. \u00f81000 x 815 mm<\/p>\n","protected":false},"excerpt":{"rendered":"<p>Guarda-chuva transparente em POE com abertura autom\u00e1tica. \u00f81000 x 815 mm<\/p>\n","protected":false},"featured_media":3330,"comment_status":"open","ping_status":"closed","template":"","meta":{"_joinchat":[]},"product_cat":[31],"product_tag":[],"_links":{"self":[{"href":"https:\/\/camisetasebrindesexpress.com.br\/index.php\/wp-json\/wp\/v2\/product\/3325"}],"collection":[{"href":"https:\/\/camisetasebrindesexpress.com.br\/index.php\/wp-json\/wp\/v2\/product"}],"about":[{"href":"https:\/\/camisetasebrindesexpress.com.br\/index.php\/wp-json\/wp\/v2\/types\/product"}],"replies":[{"embeddable":true,"href":"https:\/\/camisetasebrindesexpress.com.br\/index.php\/wp-json\/wp\/v2\/comments?post=3325"}],"wp:featuredmedia":[{"embeddable":true,"href":"https:\/\/camisetasebrindesexpress.com.br\/index.php\/wp-json\/wp\/v2\/media\/3330"}],"wp:attachment":[{"href":"https:\/\/camisetasebrindesexpress.com.br\/index.php\/wp-json\/wp\/v2\/media?parent=3325"}],"wp:term":[{"taxonomy":"product_cat","embeddable":true,"href":"https:\/\/camisetasebrindesexpress.com.br\/index.php\/wp-json\/wp\/v2\/product_cat?post=3325"},{"taxonomy":"product_tag","embeddable":true,"href":"https:\/\/camisetasebrindesexpress.com.br\/index.php\/wp-json\/wp\/v2\/product_tag?post=3325"}],"curies":[{"name":"wp","href":"https:\/\/api.w.org\/{rel}","templated":true}]}}