{"id":3318,"date":"2024-05-26T15:48:56","date_gmt":"2024-05-26T18:48:56","guid":{"rendered":"https:\/\/camisetasebrindesexpress.com.br\/?post_type=product&#038;p=3318"},"modified":"2024-05-26T15:48:56","modified_gmt":"2024-05-26T18:48:56","slug":"99140-duha-guarda-chuva-arco-iris-em-190t-pongee","status":"publish","type":"product","link":"https:\/\/camisetasebrindesexpress.com.br\/index.php\/produto\/99140-duha-guarda-chuva-arco-iris-em-190t-pongee\/","title":{"rendered":"99140 DUHA. Guarda-chuva arco-\u00edris em 190T pongee"},"content":{"rendered":"<p>Guarda-chuva arco-\u00edris em 190T pongee com 16 varetas e pega em madeira. \u00f81020 x 875 mm<\/p>\n","protected":false},"excerpt":{"rendered":"<p>Guarda-chuva arco-\u00edris em 190T pongee com 16 varetas e pega em madeira. \u00f81020 x 875 mm<\/p>\n","protected":false},"featured_media":3324,"comment_status":"open","ping_status":"closed","template":"","meta":{"_joinchat":[]},"product_cat":[31],"product_tag":[],"_links":{"self":[{"href":"https:\/\/camisetasebrindesexpress.com.br\/index.php\/wp-json\/wp\/v2\/product\/3318"}],"collection":[{"href":"https:\/\/camisetasebrindesexpress.com.br\/index.php\/wp-json\/wp\/v2\/product"}],"about":[{"href":"https:\/\/camisetasebrindesexpress.com.br\/index.php\/wp-json\/wp\/v2\/types\/product"}],"replies":[{"embeddable":true,"href":"https:\/\/camisetasebrindesexpress.com.br\/index.php\/wp-json\/wp\/v2\/comments?post=3318"}],"wp:featuredmedia":[{"embeddable":true,"href":"https:\/\/camisetasebrindesexpress.com.br\/index.php\/wp-json\/wp\/v2\/media\/3324"}],"wp:attachment":[{"href":"https:\/\/camisetasebrindesexpress.com.br\/index.php\/wp-json\/wp\/v2\/media?parent=3318"}],"wp:term":[{"taxonomy":"product_cat","embeddable":true,"href":"https:\/\/camisetasebrindesexpress.com.br\/index.php\/wp-json\/wp\/v2\/product_cat?post=3318"},{"taxonomy":"product_tag","embeddable":true,"href":"https:\/\/camisetasebrindesexpress.com.br\/index.php\/wp-json\/wp\/v2\/product_tag?post=3318"}],"curies":[{"name":"wp","href":"https:\/\/api.w.org\/{rel}","templated":true}]}}