{"id":3310,"date":"2024-05-26T15:47:10","date_gmt":"2024-05-26T18:47:10","guid":{"rendered":"https:\/\/camisetasebrindesexpress.com.br\/?post_type=product&#038;p=3310"},"modified":"2024-05-26T15:47:10","modified_gmt":"2024-05-26T18:47:10","slug":"99043-reno-guarda-chuva-em-190t-pongee-com-abertura-automatica","status":"publish","type":"product","link":"https:\/\/camisetasebrindesexpress.com.br\/index.php\/produto\/99043-reno-guarda-chuva-em-190t-pongee-com-abertura-automatica\/","title":{"rendered":"99043 RENO. Guarda-chuva em 190T pongee com abertura autom\u00e1tica"},"content":{"rendered":"<p>Guarda-chuva em 190T pongee com abertura autom\u00e1tica. Varetas em fibra de vidro e pega e haste em madeira. \u00f81040 x 885 mm<\/p>\n","protected":false},"excerpt":{"rendered":"<p>Guarda-chuva em 190T pongee com abertura autom\u00e1tica. Varetas em fibra de vidro e pega e haste em madeira. \u00f81040 x 885 mm<\/p>\n","protected":false},"featured_media":3317,"comment_status":"open","ping_status":"closed","template":"","meta":{"_joinchat":[]},"product_cat":[31],"product_tag":[],"_links":{"self":[{"href":"https:\/\/camisetasebrindesexpress.com.br\/index.php\/wp-json\/wp\/v2\/product\/3310"}],"collection":[{"href":"https:\/\/camisetasebrindesexpress.com.br\/index.php\/wp-json\/wp\/v2\/product"}],"about":[{"href":"https:\/\/camisetasebrindesexpress.com.br\/index.php\/wp-json\/wp\/v2\/types\/product"}],"replies":[{"embeddable":true,"href":"https:\/\/camisetasebrindesexpress.com.br\/index.php\/wp-json\/wp\/v2\/comments?post=3310"}],"wp:featuredmedia":[{"embeddable":true,"href":"https:\/\/camisetasebrindesexpress.com.br\/index.php\/wp-json\/wp\/v2\/media\/3317"}],"wp:attachment":[{"href":"https:\/\/camisetasebrindesexpress.com.br\/index.php\/wp-json\/wp\/v2\/media?parent=3310"}],"wp:term":[{"taxonomy":"product_cat","embeddable":true,"href":"https:\/\/camisetasebrindesexpress.com.br\/index.php\/wp-json\/wp\/v2\/product_cat?post=3310"},{"taxonomy":"product_tag","embeddable":true,"href":"https:\/\/camisetasebrindesexpress.com.br\/index.php\/wp-json\/wp\/v2\/product_tag?post=3310"}],"curies":[{"name":"wp","href":"https:\/\/api.w.org\/{rel}","templated":true}]}}