{"id":3290,"date":"2024-05-26T15:22:21","date_gmt":"2024-05-26T18:22:21","guid":{"rendered":"https:\/\/camisetasebrindesexpress.com.br\/?post_type=product&#038;p=3290"},"modified":"2024-05-26T15:22:21","modified_gmt":"2024-05-26T18:22:21","slug":"99130-felipe-guarda-chuva","status":"publish","type":"product","link":"https:\/\/camisetasebrindesexpress.com.br\/index.php\/produto\/99130-felipe-guarda-chuva\/","title":{"rendered":"99130 FELIPE. Guarda-chuva"},"content":{"rendered":"<p>Guarda-chuva em pongee 190T com haste e varetas em fibra de vidro e pega em PP. O guarda-chuva \u00e9 \u00e0 prova de vento e tem abertura autom\u00e1tica. Fornecido em bolsa. \u00f81170 x 880 mm | Bolsa: 85 x 725 mm<\/p>\n","protected":false},"excerpt":{"rendered":"<p>Guarda-chuva em pongee 190T com haste e varetas em fibra de vidro e pega em PP. O guarda-chuva \u00e9 \u00e0 prova de vento e tem abertura autom\u00e1tica. Fornecido em bolsa. \u00f81170 x 880 mm | Bolsa: 85 x 725 mm<\/p>\n","protected":false},"featured_media":3297,"comment_status":"open","ping_status":"closed","template":"","meta":{"_joinchat":[]},"product_cat":[31],"product_tag":[],"_links":{"self":[{"href":"https:\/\/camisetasebrindesexpress.com.br\/index.php\/wp-json\/wp\/v2\/product\/3290"}],"collection":[{"href":"https:\/\/camisetasebrindesexpress.com.br\/index.php\/wp-json\/wp\/v2\/product"}],"about":[{"href":"https:\/\/camisetasebrindesexpress.com.br\/index.php\/wp-json\/wp\/v2\/types\/product"}],"replies":[{"embeddable":true,"href":"https:\/\/camisetasebrindesexpress.com.br\/index.php\/wp-json\/wp\/v2\/comments?post=3290"}],"wp:featuredmedia":[{"embeddable":true,"href":"https:\/\/camisetasebrindesexpress.com.br\/index.php\/wp-json\/wp\/v2\/media\/3297"}],"wp:attachment":[{"href":"https:\/\/camisetasebrindesexpress.com.br\/index.php\/wp-json\/wp\/v2\/media?parent=3290"}],"wp:term":[{"taxonomy":"product_cat","embeddable":true,"href":"https:\/\/camisetasebrindesexpress.com.br\/index.php\/wp-json\/wp\/v2\/product_cat?post=3290"},{"taxonomy":"product_tag","embeddable":true,"href":"https:\/\/camisetasebrindesexpress.com.br\/index.php\/wp-json\/wp\/v2\/product_tag?post=3290"}],"curies":[{"name":"wp","href":"https:\/\/api.w.org\/{rel}","templated":true}]}}